{"id":2517,"date":"2019-10-07T12:29:11","date_gmt":"2019-10-07T10:29:11","guid":{"rendered":"https:\/\/atts.agomir.com\/entreprise\/a-propos-de-nous\/"},"modified":"2024-11-12T11:47:28","modified_gmt":"2024-11-12T10:47:28","slug":"a-propos-de-nous","status":"publish","type":"page","link":"https:\/\/www.att-galb.it\/fr\/entreprise\/a-propos-de-nous\/","title":{"rendered":"A propos de nous"},"content":{"rendered":"\t\t<div data-elementor-type=\"wp-page\" data-elementor-id=\"2517\" class=\"elementor elementor-2517 elementor-64\">\n\t\t\t\t<div class=\"wd-negative-gap elementor-element elementor-element-01f5ff2 e-flex e-con-boxed e-con e-parent\" data-id=\"01f5ff2\" data-element_type=\"container\">\n\t\t\t\t\t<div class=\"e-con-inner\">\n\t\t<div class=\"elementor-element elementor-element-9621c7f e-con-full e-flex e-con e-child\" data-id=\"9621c7f\" data-element_type=\"container\">\n\t\t\t\t<div class=\"elementor-element elementor-element-63fa0e79 color-scheme-inherit text-left elementor-widget elementor-widget-text-editor\" data-id=\"63fa0e79\" data-element_type=\"widget\" data-widget_type=\"text-editor.default\">\n\t\t\t\t<div class=\"elementor-widget-container\">\n\t\t\t\t\t\t\t\t\t<p>Attrezzature Tecniche Speciali di Galbusera, est un fabricant d&rsquo;\u00e9quipements d&rsquo;essai pour le contr\u00f4le de la <em>QUALIT\u00c9 et de la S\u00c9CURIT\u00c9 \u00c9LECTRIQUES<\/em>, conform\u00e9ment aux normes internationales en vigueur IEC, CEI, EN, VDE, UL, CSA, UNI, DIN, etc.<\/p>\n<p><strong>A.T.S.<\/strong> est une petite entreprise qui dispose de la flexibilit\u00e9 n\u00e9cessaire pour r\u00e9pondre aux besoins particuliers de chaque client.<\/p>\n<p>Les relations avec les clients se font de pr\u00e9f\u00e9rence sans interm\u00e9diaire, ce qui lui permet de proposer tout type d&rsquo;\u00e9quipement, m\u00eame personnalis\u00e9, \u00e0 des prix bas et tr\u00e8s comp\u00e9titifs, sans pour autant n\u00e9gliger la pr\u00e9cision et la qualit\u00e9.<\/p>\n<p>Elle op\u00e8re sur les march\u00e9s nationaux et internationaux et dispose d&rsquo;un savoir-faire de plus de 30 ans orient\u00e9 vers l&rsquo;optimisation continue du processus de production et du r\u00e9sultat recherch\u00e9.<\/p>\n<p>Nous pouvons g\u00e9rer des solutions personnalis\u00e9es et les configurer ou les adapter en fonction de ce qui a \u00e9t\u00e9 d\u00e9termin\u00e9 lors de la phase d&rsquo;analyse, ce qui pr\u00e9sente des avantages consid\u00e9rables :<\/p>\n<ul>\n<li>le d\u00e9veloppement rapide de projets et de solutions ;<\/li>\n<li>l&rsquo;exp\u00e9rience et la tradition ;<\/li>\n<li>la fiabilit\u00e9 et la coh\u00e9rence des solutions finales ;<\/li>\n<li>un service et un entretien simplifi\u00e9s.<\/li>\n<\/ul>\n<p>Sur le march\u00e9, <strong>A.T.S.<\/strong> s&rsquo;engage avec ses clients dans des relations \u00e0 long terme : mise \u00e0 jour des normes et d\u00e9veloppement continu des comp\u00e9tences pour la fourniture, la mise en \u0153uvre, l&rsquo;entretien et la maintenance des \u00e9quipements.<\/p>\n\t\t\t\t\t\t\t\t<\/div>\n\t\t\t\t<\/div>\n\t\t\t\t<\/div>\n\t\t<div class=\"elementor-element elementor-element-c7bd60a e-con-full e-flex e-con e-child\" data-id=\"c7bd60a\" data-element_type=\"container\">\n\t\t\t\t<div class=\"elementor-element elementor-element-d756a75 elementor-widget elementor-widget-image\" data-id=\"d756a75\" data-element_type=\"widget\" data-widget_type=\"image.default\">\n\t\t\t\t<div class=\"elementor-widget-container\">\n\t\t\t\t\t\t\t\t\t\t\t\t\t\t\t<img fetchpriority=\"high\" decoding=\"async\" width=\"280\" height=\"190\" src=\"https:\/\/www.att-galb.it\/wp-content\/uploads\/2019\/10\/img_azienda.jpg\" class=\"attachment-full size-full wp-image-2518\" alt=\"\" srcset=\"https:\/\/www.att-galb.it\/wp-content\/uploads\/2019\/10\/img_azienda.jpg 280w, https:\/\/www.att-galb.it\/wp-content\/uploads\/2019\/10\/img_azienda-150x102.jpg 150w\" sizes=\"(max-width: 280px) 100vw, 280px\" \/>\t\t\t\t\t\t\t\t\t\t\t\t\t\t\t<\/div>\n\t\t\t\t<\/div>\n\t\t\t\t<\/div>\n\t\t\t\t\t<\/div>\n\t\t\t\t<\/div>\n\t\t\t\t<\/div>\n\t\t","protected":false},"excerpt":{"rendered":"<p>Attrezzature Tecniche Speciali di Galbusera, est un fabricant d&rsquo;\u00e9quipements d&rsquo;essai pour le contr\u00f4le de la QUALIT\u00c9 et de la S\u00c9CURIT\u00c9<\/p>\n","protected":false},"author":6,"featured_media":0,"parent":2516,"menu_order":0,"comment_status":"closed","ping_status":"closed","template":"","meta":{"_acf_changed":false,"footnotes":""},"class_list":["post-2517","page","type-page","status-publish","hentry"],"acf":[],"_links":{"self":[{"href":"https:\/\/www.att-galb.it\/fr\/wp-json\/wp\/v2\/pages\/2517","targetHints":{"allow":["GET"]}}],"collection":[{"href":"https:\/\/www.att-galb.it\/fr\/wp-json\/wp\/v2\/pages"}],"about":[{"href":"https:\/\/www.att-galb.it\/fr\/wp-json\/wp\/v2\/types\/page"}],"author":[{"embeddable":true,"href":"https:\/\/www.att-galb.it\/fr\/wp-json\/wp\/v2\/users\/6"}],"replies":[{"embeddable":true,"href":"https:\/\/www.att-galb.it\/fr\/wp-json\/wp\/v2\/comments?post=2517"}],"version-history":[{"count":1,"href":"https:\/\/www.att-galb.it\/fr\/wp-json\/wp\/v2\/pages\/2517\/revisions"}],"predecessor-version":[{"id":2519,"href":"https:\/\/www.att-galb.it\/fr\/wp-json\/wp\/v2\/pages\/2517\/revisions\/2519"}],"up":[{"embeddable":true,"href":"https:\/\/www.att-galb.it\/fr\/wp-json\/wp\/v2\/pages\/2516"}],"wp:attachment":[{"href":"https:\/\/www.att-galb.it\/fr\/wp-json\/wp\/v2\/media?parent=2517"}],"curies":[{"name":"wp","href":"https:\/\/api.w.org\/{rel}","templated":true}]}}