{"id":2520,"date":"2019-10-07T12:44:11","date_gmt":"2019-10-07T10:44:11","guid":{"rendered":"https:\/\/atts.agomir.com\/entreprise\/mission-vision\/"},"modified":"2024-11-12T11:49:54","modified_gmt":"2024-11-12T10:49:54","slug":"mission-vision","status":"publish","type":"page","link":"https:\/\/www.att-galb.it\/fr\/entreprise\/mission-vision\/","title":{"rendered":"Mission &amp; Vision"},"content":{"rendered":"\t\t<div data-elementor-type=\"wp-page\" data-elementor-id=\"2520\" class=\"elementor elementor-2520 elementor-67\">\n\t\t\t\t<div class=\"wd-negative-gap elementor-element elementor-element-7f8d39ab e-flex e-con-boxed e-con e-parent\" data-id=\"7f8d39ab\" data-element_type=\"container\">\n\t\t\t\t\t<div class=\"e-con-inner\">\n\t\t\t\t<div class=\"elementor-element elementor-element-10d0e0d6 color-scheme-inherit text-left elementor-widget elementor-widget-text-editor\" data-id=\"10d0e0d6\" data-element_type=\"widget\" data-widget_type=\"text-editor.default\">\n\t\t\t\t<div class=\"elementor-widget-container\">\n\t\t\t\t\t\t\t\t\t<ul>\n<li>\u00c9tudier et concevoir de nouveaux produits, mettre \u00e0 jour les produits existants afin d&rsquo;\u00eatre en phase avec l&rsquo;\u00e9volution du march\u00e9 et les exigences de plus en plus ponctuelles et rigoureuses de nos clients.<\/li>\n<li>Satisfaire les demandes ordinaires et extraordinaires du client en cr\u00e9ant le produit requis \u00ab ad hoc \u00bb avec une qualit\u00e9 et une fonctionnalit\u00e9 excellentes.<\/li>\n<li>Renforcer la collaboration et la communication avec les clients et les fournisseurs en vue d&rsquo;une optimisation continue du processus de production et du r\u00e9sultat escompt\u00e9.<\/li>\n<li>Proposer nos valeurs au client :\n<ul>\n<li>Exp\u00e9rience, professionnalisme et s\u00e9rieux ;<\/li>\n<li>La qualit\u00e9 des produits est une valeur ajout\u00e9e recherch\u00e9e en permanence ;<\/li>\n<li>Innovation : nos efforts visent \u00e0 r\u00e9pondre aux besoins actuels et \u00e0 anticiper l&rsquo;avenir ;<\/li>\n<li>Service apr\u00e8s-vente et assistance \u00e0 la client\u00e8le ;<\/li>\n<li>Conseils et orientation pour l&rsquo;achat du produit le plus appropri\u00e9 ;<\/li>\n<li>Fourniture compl\u00e8te d&rsquo;un laboratoire \u00ab cl\u00e9 en main \u00bb ;<\/li>\n<li>Conception et r\u00e9alisation du produit dans le respect des exigences techniques et des r\u00e9glementations en vigueur ;<\/li>\n<li>Mesures tra\u00e7ables gr\u00e2ce \u00e0 une instrumentation certifi\u00e9e ACCREDIA ;<\/li>\n<li>Assistance technique ;<\/li>\n<li>Transparence, fiabilit\u00e9 et tradition.<\/li>\n<\/ul>\n<\/li>\n<\/ul>\n<h2>Vision<\/h2>\n<div class=\"blocco posRelative\">\n<p>Nous exprimons notre volont\u00e9 de fabriquer des instruments et des \u00e9quipements pour le contr\u00f4le et la v\u00e9rification des produits dans le respect des normes de r\u00e9f\u00e9rence, avec l&rsquo;objectif de produire des instruments personnalis\u00e9s de qualit\u00e9 absolue, r\u00e9pondant \u00e0 des demandes sp\u00e9cifiques et con\u00e7us pour offrir des solutions <em>ad hoc<\/em>.<\/p>\n<p>Nos syst\u00e8mes sont utilis\u00e9s dans les laboratoires de recherche et les cha\u00eenes de production, pour le contr\u00f4le de la qualit\u00e9 et la formation, dans les installations gouvernementales, les industries automobile et \u00e9lectrom\u00e9canique et les petits laboratoires ind\u00e9pendants. Les sp\u00e9cialistes, les concepteurs, les techniciens et les responsables du contr\u00f4le de la qualit\u00e9 utilisent nos produits pour \u00e9valuer les propri\u00e9t\u00e9s des mat\u00e9riaux, des composants et des structures. <\/p>\n<p>Nous testons des objets allant des plastiques aux artefacts \u00e9lectriques, dans des applications allant de l&rsquo;industrie a\u00e9rospatiale et automobile aux biens de consommation courante.<\/p>\n<\/div>\n\t\t\t\t\t\t\t\t<\/div>\n\t\t\t\t<\/div>\n\t\t\t\t\t<\/div>\n\t\t\t\t<\/div>\n\t\t\t\t<\/div>\n\t\t","protected":false},"excerpt":{"rendered":"<p>\u00c9tudier et concevoir de nouveaux produits, mettre \u00e0 jour les produits existants afin d&rsquo;\u00eatre en phase avec l&rsquo;\u00e9volution du march\u00e9<\/p>\n","protected":false},"author":6,"featured_media":0,"parent":2516,"menu_order":0,"comment_status":"closed","ping_status":"closed","template":"","meta":{"_acf_changed":false,"footnotes":""},"class_list":["post-2520","page","type-page","status-publish","hentry"],"acf":[],"_links":{"self":[{"href":"https:\/\/www.att-galb.it\/fr\/wp-json\/wp\/v2\/pages\/2520","targetHints":{"allow":["GET"]}}],"collection":[{"href":"https:\/\/www.att-galb.it\/fr\/wp-json\/wp\/v2\/pages"}],"about":[{"href":"https:\/\/www.att-galb.it\/fr\/wp-json\/wp\/v2\/types\/page"}],"author":[{"embeddable":true,"href":"https:\/\/www.att-galb.it\/fr\/wp-json\/wp\/v2\/users\/6"}],"replies":[{"embeddable":true,"href":"https:\/\/www.att-galb.it\/fr\/wp-json\/wp\/v2\/comments?post=2520"}],"version-history":[{"count":1,"href":"https:\/\/www.att-galb.it\/fr\/wp-json\/wp\/v2\/pages\/2520\/revisions"}],"predecessor-version":[{"id":2521,"href":"https:\/\/www.att-galb.it\/fr\/wp-json\/wp\/v2\/pages\/2520\/revisions\/2521"}],"up":[{"embeddable":true,"href":"https:\/\/www.att-galb.it\/fr\/wp-json\/wp\/v2\/pages\/2516"}],"wp:attachment":[{"href":"https:\/\/www.att-galb.it\/fr\/wp-json\/wp\/v2\/media?parent=2520"}],"curies":[{"name":"wp","href":"https:\/\/api.w.org\/{rel}","templated":true}]}}