{"id":2522,"date":"2019-10-07T12:44:57","date_gmt":"2019-10-07T10:44:57","guid":{"rendered":"https:\/\/atts.agomir.com\/entreprise\/politique-environnementale\/"},"modified":"2024-11-12T11:51:10","modified_gmt":"2024-11-12T10:51:10","slug":"politique-environnementale","status":"publish","type":"page","link":"https:\/\/www.att-galb.it\/fr\/entreprise\/politique-environnementale\/","title":{"rendered":"Politique environnementale"},"content":{"rendered":"\t\t<div data-elementor-type=\"wp-page\" data-elementor-id=\"2522\" class=\"elementor elementor-2522 elementor-69\">\n\t\t\t\t<div class=\"wd-negative-gap elementor-element elementor-element-18235400 e-flex e-con-boxed e-con e-parent\" data-id=\"18235400\" data-element_type=\"container\">\n\t\t\t\t\t<div class=\"e-con-inner\">\n\t\t\t\t<div class=\"elementor-element elementor-element-70814812 color-scheme-inherit text-left elementor-widget elementor-widget-text-editor\" data-id=\"70814812\" data-element_type=\"widget\" data-widget_type=\"text-editor.default\">\n\t\t\t\t<div class=\"elementor-widget-container\">\n\t\t\t\t\t\t\t\t\t<p>L&rsquo;engagement d&rsquo;<strong>A.T.S.<\/strong> en faveur de la protection de l&rsquo;environnement se traduit \u00e9galement par des actions concr\u00e8tes, telles que l&rsquo;installation de panneaux photovolta\u00efques sur le toit de l&rsquo;usine : ces panneaux permettent de produire de mani\u00e8re autonome environ 90 % de l&rsquo;\u00e9nergie utilis\u00e9e pour les processus de production.<\/p>\n<p><strong>Les points cl\u00e9s de l&rsquo;engagement d&rsquo;A.T.S. en faveur de l&rsquo;environnement :<\/strong><\/p>\n<ul>\n<li>l&rsquo;utilisation responsable des ressources ;<\/li>\n<li>l&rsquo;optimisation des processus de production ;<\/li>\n<li>limiter la production de d\u00e9chets ;<\/li>\n<li>la r\u00e9duction de la consommation d&rsquo;\u00e9nergie ;<\/li>\n<li>l&rsquo;utilisation de sources d&rsquo;\u00e9nergie renouvelables.<\/li>\n<\/ul>\n\t\t\t\t\t\t\t\t<\/div>\n\t\t\t\t<\/div>\n\t\t\t\t\t<\/div>\n\t\t\t\t<\/div>\n\t\t\t\t<\/div>\n\t\t","protected":false},"excerpt":{"rendered":"<p>L&rsquo;engagement d&rsquo;A.T.S. en faveur de la protection de l&rsquo;environnement se traduit \u00e9galement par des actions concr\u00e8tes, telles que l&rsquo;installation de<\/p>\n","protected":false},"author":6,"featured_media":0,"parent":2516,"menu_order":0,"comment_status":"closed","ping_status":"closed","template":"","meta":{"_acf_changed":false,"footnotes":""},"class_list":["post-2522","page","type-page","status-publish","hentry"],"acf":[],"_links":{"self":[{"href":"https:\/\/www.att-galb.it\/fr\/wp-json\/wp\/v2\/pages\/2522","targetHints":{"allow":["GET"]}}],"collection":[{"href":"https:\/\/www.att-galb.it\/fr\/wp-json\/wp\/v2\/pages"}],"about":[{"href":"https:\/\/www.att-galb.it\/fr\/wp-json\/wp\/v2\/types\/page"}],"author":[{"embeddable":true,"href":"https:\/\/www.att-galb.it\/fr\/wp-json\/wp\/v2\/users\/6"}],"replies":[{"embeddable":true,"href":"https:\/\/www.att-galb.it\/fr\/wp-json\/wp\/v2\/comments?post=2522"}],"version-history":[{"count":1,"href":"https:\/\/www.att-galb.it\/fr\/wp-json\/wp\/v2\/pages\/2522\/revisions"}],"predecessor-version":[{"id":2523,"href":"https:\/\/www.att-galb.it\/fr\/wp-json\/wp\/v2\/pages\/2522\/revisions\/2523"}],"up":[{"embeddable":true,"href":"https:\/\/www.att-galb.it\/fr\/wp-json\/wp\/v2\/pages\/2516"}],"wp:attachment":[{"href":"https:\/\/www.att-galb.it\/fr\/wp-json\/wp\/v2\/media?parent=2522"}],"curies":[{"name":"wp","href":"https:\/\/api.w.org\/{rel}","templated":true}]}}