{"id":2524,"date":"2019-10-07T15:53:17","date_gmt":"2019-10-07T13:53:17","guid":{"rendered":"https:\/\/atts.agomir.com\/qualite\/"},"modified":"2024-11-12T11:53:15","modified_gmt":"2024-11-12T10:53:15","slug":"qualite","status":"publish","type":"page","link":"https:\/\/www.att-galb.it\/fr\/qualite\/","title":{"rendered":"Qualit\u00e9"},"content":{"rendered":"\t\t<div data-elementor-type=\"wp-page\" data-elementor-id=\"2524\" class=\"elementor elementor-2524 elementor-80\">\n\t\t\t\t<div class=\"wd-negative-gap elementor-element elementor-element-27adee70 e-flex e-con-boxed e-con e-parent\" data-id=\"27adee70\" data-element_type=\"container\">\n\t\t\t\t\t<div class=\"e-con-inner\">\n\t\t<div class=\"elementor-element elementor-element-56aff61 e-con-full e-flex e-con e-child\" data-id=\"56aff61\" data-element_type=\"container\">\n\t\t\t\t<div class=\"elementor-element elementor-element-0a9e7d2 color-scheme-inherit text-left elementor-widget elementor-widget-text-editor\" data-id=\"0a9e7d2\" data-element_type=\"widget\" data-widget_type=\"text-editor.default\">\n\t\t\t\t<div class=\"elementor-widget-container\">\n\t\t\t\t\t\t\t\t\t<p>Depuis <strong>1977<\/strong>, nous sommes fournisseurs de l&rsquo;Institute of Quality Mark (<a href=\"http:\/\/www.imq.it\/\" target=\"_blank\" rel=\"noopener\">IMQ<\/a>) et figurons dans le <a href=\"http:\/\/www.iecee.org\/ctl\/equipment-suppliers.html\" target=\"_blank\" rel=\"noopener noreferrer\">Supplier Bulletin<\/a> du Committee of Certification Bodies of the IECEE depuis <strong>1987<\/strong>.<\/p>\n<p>Il s&rsquo;agit de deux reconnaissances importantes qui, avec les nombreuses entreprises et laboratoires qui utilisent nos produits, nous permettent de mettre l&rsquo;accent sur les pierres angulaires de notre travail, \u00e0 savoir la fiabilit\u00e9 et la pr\u00e9cision.<br \/>Chaque \u00e9quipement que nous produisons est un parfait \u00e9quilibre entre r\u00e9sistance, durabilit\u00e9, fonctionnalit\u00e9, s\u00e9curit\u00e9 et respect strict des normes.<br \/>Chaque mesure de performance de nos appareils est accompagn\u00e9e d&rsquo;un rapport d&rsquo;\u00e9talonnage interne, r\u00e9alis\u00e9 avec des instruments p\u00e9riodiquement certifi\u00e9s par l&rsquo;organisme d&rsquo;accr\u00e9ditation italien ACCREDIA.<\/p>\n<p>Sur demande, notre soci\u00e9t\u00e9 peut fournir des certificats d\u00e9livr\u00e9s par des laboratoires accr\u00e9dit\u00e9s au niveau international conform\u00e9ment \u00e0 la norme ISO 17025.<\/p>\n<p><strong>MARQUAGE \u00ab\u00a0CE\u00a0\u00bb DES \u00c9QUIPEMENTS<\/strong><\/p>\n<p>Nous certifions nos produits conform\u00e9ment \u00e0 toutes les directives de l&rsquo;UE (marquage CE), ce qui est synonyme de QUALIT\u00c9 et de S\u00c9CURIT\u00c9 :<\/p>\n<ul>\n<li>Pour r\u00e9pondre aux exigences de conformit\u00e9 pour le marquage CE de nos \u00e9quipements, nous utilisons quatre directives principales : la directive sur les machines, la directive sur la basse tension, la directive sur la compatibilit\u00e9 \u00e9lectromagn\u00e9tique (CEM) et la directive sur les \u00e9quipements sous pression ;<\/li>\n<li>Les produits comportant des pi\u00e8ces mobiles motoris\u00e9es sont conformes \u00e0 la directive sur les machines ;<\/li>\n<li>Les produits qui utilisent de l&rsquo;\u00e9lectricit\u00e9 mais n&rsquo;ont pas de pi\u00e8ces mobiles sont conformes \u00e0 la directive sur la basse tension ;<\/li>\n<li>tous les produits utilisant de l&rsquo;\u00e9lectricit\u00e9 sont conformes \u00e0 la directive CEM ;<\/li>\n<li>les produits contenant des fluides sous pression qui d\u00e9passent les valeurs seuils fix\u00e9es par la directive sur la pression sont conformes \u00e0 celle-ci ;<\/li>\n<\/ul>\n\t\t\t\t\t\t\t\t<\/div>\n\t\t\t\t<\/div>\n\t\t\t\t<\/div>\n\t\t<div class=\"elementor-element elementor-element-070f6d8 e-con-full e-flex e-con e-child\" data-id=\"070f6d8\" data-element_type=\"container\">\n\t\t\t\t<div class=\"elementor-element elementor-element-ab06a62 elementor-widget elementor-widget-image\" data-id=\"ab06a62\" data-element_type=\"widget\" data-widget_type=\"image.default\">\n\t\t\t\t<div class=\"elementor-widget-container\">\n\t\t\t\t\t\t\t\t\t\t\t\t\t\t\t<img decoding=\"async\" width=\"188\" height=\"151\" src=\"https:\/\/www.att-galb.it\/wp-content\/uploads\/2019\/10\/logo_imq.jpg\" class=\"attachment-large size-large wp-image-2525\" alt=\"\" srcset=\"https:\/\/www.att-galb.it\/wp-content\/uploads\/2019\/10\/logo_imq.jpg 188w, https:\/\/www.att-galb.it\/wp-content\/uploads\/2019\/10\/logo_imq-150x120.jpg 150w\" sizes=\"(max-width: 188px) 100vw, 188px\" \/>\t\t\t\t\t\t\t\t\t\t\t\t\t\t\t<\/div>\n\t\t\t\t<\/div>\n\t\t\t\t<\/div>\n\t\t\t\t\t<\/div>\n\t\t\t\t<\/div>\n\t\t\t\t<\/div>\n\t\t","protected":false},"excerpt":{"rendered":"<p>Depuis 1977, nous sommes fournisseurs de l&rsquo;Institute of Quality Mark (IMQ) et figurons dans le Supplier Bulletin du Committee of<\/p>\n","protected":false},"author":6,"featured_media":0,"parent":0,"menu_order":0,"comment_status":"closed","ping_status":"closed","template":"","meta":{"_acf_changed":false,"footnotes":""},"class_list":["post-2524","page","type-page","status-publish","hentry"],"acf":[],"_links":{"self":[{"href":"https:\/\/www.att-galb.it\/fr\/wp-json\/wp\/v2\/pages\/2524","targetHints":{"allow":["GET"]}}],"collection":[{"href":"https:\/\/www.att-galb.it\/fr\/wp-json\/wp\/v2\/pages"}],"about":[{"href":"https:\/\/www.att-galb.it\/fr\/wp-json\/wp\/v2\/types\/page"}],"author":[{"embeddable":true,"href":"https:\/\/www.att-galb.it\/fr\/wp-json\/wp\/v2\/users\/6"}],"replies":[{"embeddable":true,"href":"https:\/\/www.att-galb.it\/fr\/wp-json\/wp\/v2\/comments?post=2524"}],"version-history":[{"count":1,"href":"https:\/\/www.att-galb.it\/fr\/wp-json\/wp\/v2\/pages\/2524\/revisions"}],"predecessor-version":[{"id":2526,"href":"https:\/\/www.att-galb.it\/fr\/wp-json\/wp\/v2\/pages\/2524\/revisions\/2526"}],"wp:attachment":[{"href":"https:\/\/www.att-galb.it\/fr\/wp-json\/wp\/v2\/media?parent=2524"}],"curies":[{"name":"wp","href":"https:\/\/api.w.org\/{rel}","templated":true}]}}