{"id":2527,"date":"2019-10-07T13:54:55","date_gmt":"2019-10-07T11:54:55","guid":{"rendered":"https:\/\/atts.agomir.com\/nouvelles\/"},"modified":"2024-11-12T11:54:14","modified_gmt":"2024-11-12T10:54:14","slug":"nouvelles","status":"publish","type":"page","link":"https:\/\/www.att-galb.it\/fr\/nouvelles\/","title":{"rendered":"Nouvelles"},"content":{"rendered":"\t\t<div data-elementor-type=\"wp-page\" data-elementor-id=\"2527\" class=\"elementor elementor-2527 elementor-75\">\n\t\t\t\t<div class=\"wd-negative-gap elementor-element elementor-element-4b9dd2ae e-flex e-con-boxed e-con e-parent\" data-id=\"4b9dd2ae\" data-element_type=\"container\">\n\t\t\t\t\t<div class=\"e-con-inner\">\n\t\t\t\t<div class=\"elementor-element elementor-element-cabdc30 hnews wd-width-100 elementor-widget elementor-widget-wd_blog\" data-id=\"cabdc30\" data-element_type=\"widget\" data-widget_type=\"wd_blog.default\">\n\t\t\t\t<div class=\"elementor-widget-container\">\n\t\t\t\t\t\t\t\t\t\t\t\t<div class=\"wd-blog-element \">\n\t\t\t\t\t\t\t\t\t\t\t\n\t\t\t\t\t<div class=\"wd-posts wd-blog-holder wd-grid-g\" id=\"69f2ee6d7b71e\" data-paged=\"1\" data-atts=\"{&quot;post_type&quot;:&quot;post&quot;,&quot;items_per_page&quot;:20,&quot;include&quot;:null,&quot;taxonomies&quot;:&quot;&quot;,&quot;offset&quot;:&quot;&quot;,&quot;orderby&quot;:&quot;date&quot;,&quot;order&quot;:&quot;DESC&quot;,&quot;meta_key&quot;:null,&quot;exclude&quot;:&quot;&quot;,&quot;element_title&quot;:&quot;&quot;,&quot;element_title_tag&quot;:&quot;h4&quot;,&quot;parts_media&quot;:true,&quot;parts_title&quot;:&quot;1&quot;,&quot;parts_meta&quot;:&quot;&quot;,&quot;parts_text&quot;:&quot;1&quot;,&quot;parts_btn&quot;:&quot;&quot;,&quot;parts_published_date&quot;:&quot;1&quot;,&quot;img_size&quot;:&quot;large&quot;,&quot;blog_design&quot;:&quot;list&quot;,&quot;blog_carousel_design&quot;:null,&quot;blog_masonry&quot;:null,&quot;blog_columns&quot;:null,&quot;blog_columns_tablet&quot;:null,&quot;blog_columns_mobile&quot;:null,&quot;blog_spacing&quot;:null,&quot;blog_spacing_tablet&quot;:null,&quot;blog_spacing_mobile&quot;:null,&quot;pagination&quot;:&quot;&quot;,&quot;speed&quot;:null,&quot;slides_per_view&quot;:null,&quot;slides_per_view_tablet&quot;:null,&quot;slides_per_view_mobile&quot;:null,&quot;wrap&quot;:null,&quot;autoplay&quot;:null,&quot;hide_pagination_control&quot;:null,&quot;hide_prev_next_buttons&quot;:null,&quot;scroll_per_page&quot;:null,&quot;lazy_loading&quot;:&quot;no&quot;,&quot;scroll_carousel_init&quot;:null,&quot;ajax_page&quot;:&quot;&quot;,&quot;custom_sizes&quot;:false,&quot;elementor&quot;:true}\" data-source=\"shortcode\">\n\t\t\t\n\t\t\t\t\t\t\t\t\t\t\t\t\t\t\n<article id=\"post-2545\" class=\"wd-post blog-design-list blog-post-loop blog-style-bg wd-add-shadow post-2545 post type-post status-publish format-standard hentry category-nouvelles\">\n\t<div class=\"wd-post-inner\">\n\t\t<div class=\"wd-post-thumb\">\n\t\t\t\t\t\t\t<div class=\"wd-post-img\">\n\t\t\t\t\t\t\t\t\t<\/div>\n\t\t\t\t\t\t\t\t\t\t\t\t\t<div class=\"wd-post-date wd-style-with-bg\">\n\t\t\t\t<span class=\"post-date-day\">\n\t\t\t\t\t04\t\t\t\t<\/span>\n\t\t\t\t<span class=\"post-date-month\">\n\t\t\t\t\tOct\t\t\t\t<\/span>\n\t\t\t<\/div>\n\t\t\t\t\t\t\t\t\t\t\t<a class=\"wd-post-link wd-fill\" href=\"https:\/\/www.att-galb.it\/fr\/la-nouvelle-edition-de-la-norme-iec-60695-2-10-ed-2-2013-04-concernant-le-testeur-de-fil-incandescent-a-ete-publiee\/\" rel=\"bookmark\" aria-label=\"Link on post La nouvelle \u00e9dition de la norme IEC 60695-2-10 (Ed. 2 2013-04) concernant le testeur de fil incandescent a \u00e9t\u00e9 publi\u00e9e !\"><\/a>\n\t\t\t\t\t<\/div>\n\n\t\t<div class=\"wd-post-content\">\n\t\t\t<div class=\"wd-post-content-inner wd-scroll\">\n\t\t\t\t\t\t\t\t\t\t\t\t\t<h3 class=\"wd-post-title wd-entities-title title post-title\">\n\t\t\t\t\t\t<a href=\"https:\/\/www.att-galb.it\/fr\/la-nouvelle-edition-de-la-norme-iec-60695-2-10-ed-2-2013-04-concernant-le-testeur-de-fil-incandescent-a-ete-publiee\/\" rel=\"bookmark\">\n\t\t\t\t\t\t\tLa nouvelle \u00e9dition de la norme IEC 60695-2-10 (Ed. 2 2013-04) concernant le testeur de fil incandescent a \u00e9t\u00e9 publi\u00e9e !\t\t\t\t\t\t<\/a>\n\t\t\t\t\t<\/h3>\n\t\t\t\t\t\t\t\t\t\t\t\t\t<div class=\"wd-post-excerpt wd-scroll-content\">\n\t\t\t\t\t\t\t\t\t\t\t\t\tD\u00e9couvrez les nouvelles fonctionnalit\u00e9s introduites...\t\t\t\t\t\t\t\t\t\t\t<\/div>\n\t\t\t\t\t\t\t<\/div>\n\t\t\t\t\t<\/div>\n\t<\/div>\n<\/article>\n\t\t\t\t\t\t\t\t\t\t\t\t\t\t\n<article id=\"post-2549\" class=\"wd-post blog-design-list blog-post-loop blog-style-bg wd-add-shadow post-2549 post type-post status-publish format-standard hentry category-nouvelles\">\n\t<div class=\"wd-post-inner\">\n\t\t<div class=\"wd-post-thumb\">\n\t\t\t\t\t\t\t<div class=\"wd-post-img\">\n\t\t\t\t\t\t\t\t\t<\/div>\n\t\t\t\t\t\t\t\t\t\t\t\t\t<div class=\"wd-post-date wd-style-with-bg\">\n\t\t\t\t<span class=\"post-date-day\">\n\t\t\t\t\t03\t\t\t\t<\/span>\n\t\t\t\t<span class=\"post-date-month\">\n\t\t\t\t\tOct\t\t\t\t<\/span>\n\t\t\t<\/div>\n\t\t\t\t\t\t\t\t\t\t\t<a class=\"wd-post-link wd-fill\" href=\"https:\/\/www.att-galb.it\/fr\/equipement-pour-les-essais-de-vieillissement-mecanique-des-conduits-et-des-raccords\/\" rel=\"bookmark\" aria-label=\"Link on post \u00c9quipement pour les essais de vieillissement m\u00e9canique des conduits et des raccords\"><\/a>\n\t\t\t\t\t<\/div>\n\n\t\t<div class=\"wd-post-content\">\n\t\t\t<div class=\"wd-post-content-inner wd-scroll\">\n\t\t\t\t\t\t\t\t\t\t\t\t\t<h3 class=\"wd-post-title wd-entities-title title post-title\">\n\t\t\t\t\t\t<a href=\"https:\/\/www.att-galb.it\/fr\/equipement-pour-les-essais-de-vieillissement-mecanique-des-conduits-et-des-raccords\/\" rel=\"bookmark\">\n\t\t\t\t\t\t\t\u00c9quipement pour les essais de vieillissement m\u00e9canique des conduits et des raccords\t\t\t\t\t\t<\/a>\n\t\t\t\t\t<\/h3>\n\t\t\t\t\t\t\t\t\t\t\t\t\t<div class=\"wd-post-excerpt wd-scroll-content\">\n\t\t\t\t\t\t\t\t\t\t\t\t\t\u00c9quipement fabriqu\u00e9 selon les sp\u00e9cifications du client pour simuler le mouvement d'oscillation des wagons de train en mouvement. Cet \u00e9quipement permet de v\u00e9rifier la dur\u00e9e de vie (en millions de cycles) des rev\u00eatements et des connexions entre les wagons.  \t\t\t\t\t\t\t\t\t\t\t<\/div>\n\t\t\t\t\t\t\t<\/div>\n\t\t\t\t\t<\/div>\n\t<\/div>\n<\/article>\n\t\t\t\t\t\t\t\t\t\t\t\t\t\t\n<article id=\"post-2552\" class=\"wd-post blog-design-list blog-post-loop blog-style-bg wd-add-shadow post-2552 post type-post status-publish format-standard hentry category-nouvelles\">\n\t<div class=\"wd-post-inner\">\n\t\t<div class=\"wd-post-thumb\">\n\t\t\t\t\t\t\t<div class=\"wd-post-img\">\n\t\t\t\t\t\t\t\t\t<\/div>\n\t\t\t\t\t\t\t\t\t\t\t\t\t<div class=\"wd-post-date wd-style-with-bg\">\n\t\t\t\t<span class=\"post-date-day\">\n\t\t\t\t\t02\t\t\t\t<\/span>\n\t\t\t\t<span class=\"post-date-month\">\n\t\t\t\t\tOct\t\t\t\t<\/span>\n\t\t\t<\/div>\n\t\t\t\t\t\t\t\t\t\t\t<a class=\"wd-post-link wd-fill\" href=\"https:\/\/www.att-galb.it\/fr\/relevage-dynamique-des-chaines-a-neige\/\" rel=\"bookmark\" aria-label=\"Link on post Relevage dynamique des cha\u00eenes \u00e0 neige\"><\/a>\n\t\t\t\t\t<\/div>\n\n\t\t<div class=\"wd-post-content\">\n\t\t\t<div class=\"wd-post-content-inner wd-scroll\">\n\t\t\t\t\t\t\t\t\t\t\t\t\t<h3 class=\"wd-post-title wd-entities-title title post-title\">\n\t\t\t\t\t\t<a href=\"https:\/\/www.att-galb.it\/fr\/relevage-dynamique-des-chaines-a-neige\/\" rel=\"bookmark\">\n\t\t\t\t\t\t\tRelevage dynamique des cha\u00eenes \u00e0 neige\t\t\t\t\t\t<\/a>\n\t\t\t\t\t<\/h3>\n\t\t\t\t\t\t\t\t\t\t\t\t\t<div class=\"wd-post-excerpt wd-scroll-content\">\n\t\t\t\t\t\t\t\t\t\t\t\t\tATS a r\u00e9alis\u00e9 pour un grand laboratoire l'\u00e9quipement pour la v\u00e9rification du levage dynamique des cha\u00eenes \u00e0 neige selon la norme UNI 11...\t\t\t\t\t\t\t\t\t\t\t<\/div>\n\t\t\t\t\t\t\t<\/div>\n\t\t\t\t\t<\/div>\n\t<\/div>\n<\/article>\n\t\t\t\t\n\t\t\t\t\t\t\t\t<\/div>\n\t\t\t\n\t\t\t\t\t\t\t\t\t\t<\/div>\n\t\t\t\t\t\t\t\t\t\t<\/div>\n\t\t\t\t<\/div>\n\t\t\t\t\t<\/div>\n\t\t\t\t<\/div>\n\t\t\t\t<\/div>\n\t\t","protected":false},"excerpt":{"rendered":"<p>04 Ott \u00c8 uscita la nuova edizione della IEC 60695-2-10 (Ed. 2 2013-04) riguardante il Glow Wire Tester ! Scopri<\/p>\n","protected":false},"author":6,"featured_media":0,"parent":0,"menu_order":0,"comment_status":"closed","ping_status":"closed","template":"","meta":{"_acf_changed":false,"footnotes":""},"class_list":["post-2527","page","type-page","status-publish","hentry"],"acf":[],"_links":{"self":[{"href":"https:\/\/www.att-galb.it\/fr\/wp-json\/wp\/v2\/pages\/2527","targetHints":{"allow":["GET"]}}],"collection":[{"href":"https:\/\/www.att-galb.it\/fr\/wp-json\/wp\/v2\/pages"}],"about":[{"href":"https:\/\/www.att-galb.it\/fr\/wp-json\/wp\/v2\/types\/page"}],"author":[{"embeddable":true,"href":"https:\/\/www.att-galb.it\/fr\/wp-json\/wp\/v2\/users\/6"}],"replies":[{"embeddable":true,"href":"https:\/\/www.att-galb.it\/fr\/wp-json\/wp\/v2\/comments?post=2527"}],"version-history":[{"count":1,"href":"https:\/\/www.att-galb.it\/fr\/wp-json\/wp\/v2\/pages\/2527\/revisions"}],"predecessor-version":[{"id":2528,"href":"https:\/\/www.att-galb.it\/fr\/wp-json\/wp\/v2\/pages\/2527\/revisions\/2528"}],"wp:attachment":[{"href":"https:\/\/www.att-galb.it\/fr\/wp-json\/wp\/v2\/media?parent=2527"}],"curies":[{"name":"wp","href":"https:\/\/api.w.org\/{rel}","templated":true}]}}