{"id":2543,"date":"2019-10-07T15:59:26","date_gmt":"2019-10-07T13:59:26","guid":{"rendered":"https:\/\/atts.agomir.com\/contact\/"},"modified":"2025-05-21T17:28:02","modified_gmt":"2025-05-21T15:28:02","slug":"contact","status":"publish","type":"page","link":"https:\/\/www.att-galb.it\/fr\/contact\/","title":{"rendered":"Contact"},"content":{"rendered":"\t\t<div data-elementor-type=\"wp-page\" data-elementor-id=\"2543\" class=\"elementor elementor-2543 elementor-84\">\n\t\t\t\t<div class=\"wd-negative-gap elementor-element elementor-element-7c69446c e-flex e-con-boxed e-con e-parent\" data-id=\"7c69446c\" data-element_type=\"container\">\n\t\t\t\t\t<div class=\"e-con-inner\">\n\t\t<div class=\"elementor-element elementor-element-bdf7f79 e-con-full e-flex e-con e-child\" data-id=\"bdf7f79\" data-element_type=\"container\">\n\t\t\t\t<div class=\"elementor-element elementor-element-34d0ac5 color-scheme-inherit text-left elementor-widget elementor-widget-text-editor\" data-id=\"34d0ac5\" data-element_type=\"widget\" data-widget_type=\"text-editor.default\">\n\t\t\t\t<div class=\"elementor-widget-container\">\n\t\t\t\t\t\t\t\t\t<p>Nous sommes heureux d&rsquo;offrir \u00e0 nos clients une large gamme de <strong>services<\/strong> afin de <strong>r\u00e9pondre \u00e0 toutes leurs attentes<\/strong>.<\/p><p>Outre notre num\u00e9ro de t\u00e9l\u00e9phone, vous pouvez \u00e9galement nous contacter via nos comptes <strong>Linkedin<\/strong> et <strong>Teams<\/strong> pour demander des offres, des interventions et des informations techniques.<\/p><p>8:30 \u00e0 12:00 et 13:30 \u00e0 18:30<\/p>\t\t\t\t\t\t\t\t<\/div>\n\t\t\t\t<\/div>\n\t\t\t\t<\/div>\n\t\t<div class=\"elementor-element elementor-element-2550b7c8 e-con-full e-flex e-con e-child\" data-id=\"2550b7c8\" data-element_type=\"container\">\n\t\t\t\t<div class=\"elementor-element elementor-element-4271b581 color-scheme-inherit text-left elementor-widget elementor-widget-text-editor\" data-id=\"4271b581\" data-element_type=\"widget\" data-widget_type=\"text-editor.default\">\n\t\t\t\t<div class=\"elementor-widget-container\">\n\t\t\t\t\t\t\t\t\t<table border=\"0\" cellspacing=\"0\" cellpadding=\"0\"><tbody><tr><td class=\"iconContact tel\" width=\"64\">T\u00e9l.:<\/td><td width=\"525\">+39(0)39 50.83.63<\/td><\/tr><tr><td class=\"iconContact fax\" width=\"64\">Fax :<\/td><td width=\"525\">+39(0)39 99.10.229<\/td><\/tr><tr><td class=\"iconContact msn\" width=\"64\"><i class=\"fa fa-linkedin\"><\/i>Linkedin:<\/td><td width=\"525\"><a href=\"https:\/\/www.linkedin.com\/company\/attrezzature-tecniche-speciali-di-galbusera-s-r-l-\/\" target=\"_blank\" rel=\"noopener\">Attrezzature Tecniche Speciali di Galbusera S.r.l.<\/a><\/td><\/tr><tr><td class=\"iconContact skype\" width=\"64\">Teams:<\/td><td width=\"525\">ats.galbusera<\/td><\/tr><tr><td class=\"iconContact email\" width=\"64\">E-mail:<\/td><td width=\"525\"><a href=\"mailto:galbusera@att-galb.it\">galbusera@att-galb.it<\/a><\/td><\/tr><\/tbody><\/table>\t\t\t\t\t\t\t\t<\/div>\n\t\t\t\t<\/div>\n\t\t\t\t<\/div>\n\t\t\t\t\t<\/div>\n\t\t\t\t<\/div>\n\t\t<div class=\"wd-negative-gap elementor-element elementor-element-527237dc e-flex e-con-boxed e-con e-parent\" data-id=\"527237dc\" data-element_type=\"container\">\n\t\t\t\t\t<div class=\"e-con-inner\">\n\t\t\t\t<div class=\"elementor-element elementor-element-3ac5a148 color-scheme-inherit text-left elementor-widget elementor-widget-text-editor\" data-id=\"3ac5a148\" data-element_type=\"widget\" data-widget_type=\"text-editor.default\">\n\t\t\t\t<div class=\"elementor-widget-container\">\n\t\t\t\t\t\t\t\t\t<h4>Pour nous joindre<\/h4><p>Via dell\u2019Industria, 3 \u2013 23887 Olgiate Molgora (LC) Italy<\/p>\t\t\t\t\t\t\t\t<\/div>\n\t\t\t\t<\/div>\n\t\t\t\t<div class=\"elementor-element elementor-element-50511c44 elementor-widget elementor-widget-html\" data-id=\"50511c44\" data-element_type=\"widget\" data-widget_type=\"html.default\">\n\t\t\t\t<div class=\"elementor-widget-container\">\n\t\t\t\t\t<iframe style=\"border: 0;\" src=\"https:\/\/www.google.com\/maps\/embed?pb=!1m14!1m8!1m3!1d876508.4659999331!2d9.400568!3d45.720782!3m2!1i1024!2i768!4f13.1!3m3!1m2!1s0x0%3A0x47f5da50d7d25836!2sAttrezzature%20Tecniche%20Speciali%20Di%20Galbusera%20Srl!5e1!3m2!1sit!2sus!4v1570456722084!5m2!1sit!2sus\" width=\"100%\" height=\"450\" frameborder=\"0\" allowfullscreen=\"allowfullscreen\"><\/iframe>\t\t\t\t<\/div>\n\t\t\t\t<\/div>\n\t\t\t\t\t<\/div>\n\t\t\t\t<\/div>\n\t\t\t\t<\/div>\n\t\t","protected":false},"excerpt":{"rendered":"<p>Nous sommes heureux d&rsquo;offrir \u00e0 nos clients une large gamme de services afin de r\u00e9pondre \u00e0 toutes leurs attentes. Outre<\/p>\n","protected":false},"author":6,"featured_media":0,"parent":0,"menu_order":0,"comment_status":"closed","ping_status":"closed","template":"","meta":{"_acf_changed":false,"footnotes":""},"class_list":["post-2543","page","type-page","status-publish","hentry"],"acf":[],"_links":{"self":[{"href":"https:\/\/www.att-galb.it\/fr\/wp-json\/wp\/v2\/pages\/2543","targetHints":{"allow":["GET"]}}],"collection":[{"href":"https:\/\/www.att-galb.it\/fr\/wp-json\/wp\/v2\/pages"}],"about":[{"href":"https:\/\/www.att-galb.it\/fr\/wp-json\/wp\/v2\/types\/page"}],"author":[{"embeddable":true,"href":"https:\/\/www.att-galb.it\/fr\/wp-json\/wp\/v2\/users\/6"}],"replies":[{"embeddable":true,"href":"https:\/\/www.att-galb.it\/fr\/wp-json\/wp\/v2\/comments?post=2543"}],"version-history":[{"count":5,"href":"https:\/\/www.att-galb.it\/fr\/wp-json\/wp\/v2\/pages\/2543\/revisions"}],"predecessor-version":[{"id":2747,"href":"https:\/\/www.att-galb.it\/fr\/wp-json\/wp\/v2\/pages\/2543\/revisions\/2747"}],"wp:attachment":[{"href":"https:\/\/www.att-galb.it\/fr\/wp-json\/wp\/v2\/media?parent=2543"}],"curies":[{"name":"wp","href":"https:\/\/api.w.org\/{rel}","templated":true}]}}