{"id":1992,"date":"2019-11-13T12:25:02","date_gmt":"2019-11-13T11:25:02","guid":{"rendered":"https:\/\/atts.agomir.com\/prodotti\/non class\u00e9\/equipement-dessai-de-resistance-au-feu-pour-les-couvertures-de-toit-et-les-panneaux-photovoltaiques\/"},"modified":"2019-11-13T12:25:02","modified_gmt":"2019-11-13T11:25:02","slug":"equipement-dessai-de-resistance-au-feu-pour-les-couvertures-de-toit-et-les-panneaux-photovoltaiques","status":"publish","type":"product","link":"https:\/\/www.att-galb.it\/fr\/prodotti\/equipements-speciaux\/equipement-dessai-de-resistance-au-feu-pour-les-couvertures-de-toit-et-les-panneaux-photovoltaiques\/","title":{"rendered":"\u00c9quipement d&rsquo;essai de r\u00e9sistance au feu pour les couvertures de toit et les panneaux photovolta\u00efques"},"content":{"rendered":"","protected":false},"excerpt":{"rendered":"","protected":false},"featured_media":0,"template":"","meta":{"_acf_changed":false},"product_brand":[],"product_cat":[2254],"product_tag":[],"class_list":{"0":"post-1992","1":"product","2":"type-product","3":"status-publish","5":"product_cat-equipements-speciaux","6":"pa_norme-di-riferimento-astm-e-108-fr","7":"pa_norme-di-riferimento-iec-61730-2-fr","8":"pa_norme-di-riferimento-nfpa-256-fr","9":"pa_norme-di-riferimento-ul-790-fr","11":"first","12":"instock","13":"shipping-taxable","14":"product-type-simple"},"acf":[],"_links":{"self":[{"href":"https:\/\/www.att-galb.it\/fr\/wp-json\/wp\/v2\/product\/1992","targetHints":{"allow":["GET"]}}],"collection":[{"href":"https:\/\/www.att-galb.it\/fr\/wp-json\/wp\/v2\/product"}],"about":[{"href":"https:\/\/www.att-galb.it\/fr\/wp-json\/wp\/v2\/types\/product"}],"wp:attachment":[{"href":"https:\/\/www.att-galb.it\/fr\/wp-json\/wp\/v2\/media?parent=1992"}],"wp:term":[{"taxonomy":"product_brand","embeddable":true,"href":"https:\/\/www.att-galb.it\/fr\/wp-json\/wp\/v2\/product_brand?post=1992"},{"taxonomy":"product_cat","embeddable":true,"href":"https:\/\/www.att-galb.it\/fr\/wp-json\/wp\/v2\/product_cat?post=1992"},{"taxonomy":"product_tag","embeddable":true,"href":"https:\/\/www.att-galb.it\/fr\/wp-json\/wp\/v2\/product_tag?post=1992"}],"curies":[{"name":"wp","href":"https:\/\/api.w.org\/{rel}","templated":true}]}}