{"id":2001,"date":"2019-11-13T12:18:47","date_gmt":"2019-11-13T11:18:47","guid":{"rendered":"https:\/\/atts.agomir.com\/prodotti\/non class\u00e9\/equipement-dessai-de-resistance-a-lallumage\/"},"modified":"2019-11-13T12:18:47","modified_gmt":"2019-11-13T11:18:47","slug":"equipement-dessai-de-resistance-a-lallumage","status":"publish","type":"product","link":"https:\/\/www.att-galb.it\/fr\/prodotti\/les-tests-sur-les-tissus\/equipement-dessai-de-resistance-a-lallumage\/","title":{"rendered":"\u00c9quipement d&rsquo;essai de r\u00e9sistance \u00e0 l&rsquo;allumage"},"content":{"rendered":"","protected":false},"excerpt":{"rendered":"","protected":false},"featured_media":0,"template":"","meta":{"_acf_changed":false},"product_brand":[],"product_cat":[2274],"product_tag":[],"class_list":{"0":"post-2001","1":"product","2":"type-product","3":"status-publish","5":"product_cat-les-tests-sur-les-tissus","6":"pa_norme-di-riferimento-iec-cei-en-60335-2-81-fr","8":"first","9":"instock","10":"shipping-taxable","11":"product-type-simple"},"acf":[],"_links":{"self":[{"href":"https:\/\/www.att-galb.it\/fr\/wp-json\/wp\/v2\/product\/2001","targetHints":{"allow":["GET"]}}],"collection":[{"href":"https:\/\/www.att-galb.it\/fr\/wp-json\/wp\/v2\/product"}],"about":[{"href":"https:\/\/www.att-galb.it\/fr\/wp-json\/wp\/v2\/types\/product"}],"wp:attachment":[{"href":"https:\/\/www.att-galb.it\/fr\/wp-json\/wp\/v2\/media?parent=2001"}],"wp:term":[{"taxonomy":"product_brand","embeddable":true,"href":"https:\/\/www.att-galb.it\/fr\/wp-json\/wp\/v2\/product_brand?post=2001"},{"taxonomy":"product_cat","embeddable":true,"href":"https:\/\/www.att-galb.it\/fr\/wp-json\/wp\/v2\/product_cat?post=2001"},{"taxonomy":"product_tag","embeddable":true,"href":"https:\/\/www.att-galb.it\/fr\/wp-json\/wp\/v2\/product_tag?post=2001"}],"curies":[{"name":"wp","href":"https:\/\/api.w.org\/{rel}","templated":true}]}}