{"id":2002,"date":"2019-11-13T12:18:10","date_gmt":"2019-11-13T11:18:10","guid":{"rendered":"https:\/\/atts.agomir.com\/prodotti\/non class\u00e9\/equipement-de-test-de-lelectrostaticite-des-tissus-determination-de-la-resistance-electrique\/"},"modified":"2019-11-13T12:18:10","modified_gmt":"2019-11-13T11:18:10","slug":"equipement-de-test-de-lelectrostaticite-des-tissus-determination-de-la-resistance-electrique","status":"publish","type":"product","link":"https:\/\/www.att-galb.it\/fr\/prodotti\/les-tests-sur-les-tissus\/equipement-de-test-de-lelectrostaticite-des-tissus-determination-de-la-resistance-electrique\/","title":{"rendered":"\u00c9quipement de test de l&rsquo;\u00e9lectrostaticit\u00e9 des tissus (d\u00e9termination de la r\u00e9sistance \u00e9lectrique)"},"content":{"rendered":"","protected":false},"excerpt":{"rendered":"","protected":false},"featured_media":0,"template":"","meta":{"_acf_changed":false},"product_brand":[],"product_cat":[2274],"product_tag":[],"class_list":{"0":"post-2002","1":"product","2":"type-product","3":"status-publish","5":"product_cat-les-tests-sur-les-tissus","6":"pa_norme-di-riferimento-din-54354-fr","8":"first","9":"instock","10":"shipping-taxable","11":"product-type-simple"},"acf":[],"_links":{"self":[{"href":"https:\/\/www.att-galb.it\/fr\/wp-json\/wp\/v2\/product\/2002","targetHints":{"allow":["GET"]}}],"collection":[{"href":"https:\/\/www.att-galb.it\/fr\/wp-json\/wp\/v2\/product"}],"about":[{"href":"https:\/\/www.att-galb.it\/fr\/wp-json\/wp\/v2\/types\/product"}],"wp:attachment":[{"href":"https:\/\/www.att-galb.it\/fr\/wp-json\/wp\/v2\/media?parent=2002"}],"wp:term":[{"taxonomy":"product_brand","embeddable":true,"href":"https:\/\/www.att-galb.it\/fr\/wp-json\/wp\/v2\/product_brand?post=2002"},{"taxonomy":"product_cat","embeddable":true,"href":"https:\/\/www.att-galb.it\/fr\/wp-json\/wp\/v2\/product_cat?post=2002"},{"taxonomy":"product_tag","embeddable":true,"href":"https:\/\/www.att-galb.it\/fr\/wp-json\/wp\/v2\/product_tag?post=2002"}],"curies":[{"name":"wp","href":"https:\/\/api.w.org\/{rel}","templated":true}]}}