{"id":2010,"date":"2019-11-13T11:48:35","date_gmt":"2019-11-13T10:48:35","guid":{"rendered":"https:\/\/atts.agomir.com\/prodotti\/non class\u00e9\/dispositif-de-mesure-du-bruit-des-sirenes-dalarme-boite-reverberante\/"},"modified":"2019-11-13T11:48:35","modified_gmt":"2019-11-13T10:48:35","slug":"dispositif-de-mesure-du-bruit-des-sirenes-dalarme-boite-reverberante","status":"publish","type":"product","link":"https:\/\/www.att-galb.it\/fr\/prodotti\/les-tests-sur-les-equipements-dalarme\/dispositif-de-mesure-du-bruit-des-sirenes-dalarme-boite-reverberante\/","title":{"rendered":"Dispositif de mesure du bruit des sir\u00e8nes d&rsquo;alarme (bo\u00eete r\u00e9verb\u00e9rante)"},"content":{"rendered":"","protected":false},"excerpt":{"rendered":"","protected":false},"featured_media":2011,"template":"","meta":{"_acf_changed":false},"product_brand":[],"product_cat":[2260],"product_tag":[],"class_list":{"0":"post-2010","1":"product","2":"type-product","3":"status-publish","4":"has-post-thumbnail","6":"product_cat-les-tests-sur-les-equipements-dalarme","7":"pa_norme-di-riferimento-uni-en-54-3-fr","9":"first","10":"instock","11":"shipping-taxable","12":"product-type-simple"},"acf":[],"_links":{"self":[{"href":"https:\/\/www.att-galb.it\/fr\/wp-json\/wp\/v2\/product\/2010","targetHints":{"allow":["GET"]}}],"collection":[{"href":"https:\/\/www.att-galb.it\/fr\/wp-json\/wp\/v2\/product"}],"about":[{"href":"https:\/\/www.att-galb.it\/fr\/wp-json\/wp\/v2\/types\/product"}],"wp:featuredmedia":[{"embeddable":true,"href":"https:\/\/www.att-galb.it\/fr\/wp-json\/wp\/v2\/media\/2011"}],"wp:attachment":[{"href":"https:\/\/www.att-galb.it\/fr\/wp-json\/wp\/v2\/media?parent=2010"}],"wp:term":[{"taxonomy":"product_brand","embeddable":true,"href":"https:\/\/www.att-galb.it\/fr\/wp-json\/wp\/v2\/product_brand?post=2010"},{"taxonomy":"product_cat","embeddable":true,"href":"https:\/\/www.att-galb.it\/fr\/wp-json\/wp\/v2\/product_cat?post=2010"},{"taxonomy":"product_tag","embeddable":true,"href":"https:\/\/www.att-galb.it\/fr\/wp-json\/wp\/v2\/product_tag?post=2010"}],"curies":[{"name":"wp","href":"https:\/\/api.w.org\/{rel}","templated":true}]}}