{"id":2012,"date":"2019-11-13T11:43:25","date_gmt":"2019-11-13T10:43:25","guid":{"rendered":"https:\/\/atts.agomir.com\/prodotti\/non class\u00e9\/table-de-cuisson-avec-elements-chauffants-electriques-pour-les-essais-daspiration-avec-2-elements-chauffants-de-15-kw-et-2-elements-chauffants-de-2-kw\/"},"modified":"2019-11-13T11:43:25","modified_gmt":"2019-11-13T10:43:25","slug":"table-de-cuisson-avec-elements-chauffants-electriques-pour-les-essais-daspiration-avec-2-elements-chauffants-de-15-kw-et-2-elements-chauffants-de-2-kw","status":"publish","type":"product","link":"https:\/\/www.att-galb.it\/fr\/prodotti\/les-essais-sur-les-hottes\/table-de-cuisson-avec-elements-chauffants-electriques-pour-les-essais-daspiration-avec-2-elements-chauffants-de-15-kw-et-2-elements-chauffants-de-2-kw\/","title":{"rendered":"Table de cuisson avec \u00e9l\u00e9ments chauffants \u00e9lectriques pour les essais d&rsquo;aspiration avec 2 \u00e9l\u00e9ments chauffants de 1,5 kW et 2 \u00e9l\u00e9ments chauffants de 2 kW"},"content":{"rendered":"","protected":false},"excerpt":{"rendered":"","protected":false},"featured_media":2013,"template":"","meta":{"_acf_changed":false},"product_brand":[],"product_cat":[2266],"product_tag":[],"class_list":{"0":"post-2012","1":"product","2":"type-product","3":"status-publish","4":"has-post-thumbnail","6":"product_cat-les-essais-sur-les-hottes","7":"pa_norme-di-riferimento-iec-cei-en-60335-2-31-fr","9":"first","10":"instock","11":"shipping-taxable","12":"product-type-simple"},"acf":[],"_links":{"self":[{"href":"https:\/\/www.att-galb.it\/fr\/wp-json\/wp\/v2\/product\/2012","targetHints":{"allow":["GET"]}}],"collection":[{"href":"https:\/\/www.att-galb.it\/fr\/wp-json\/wp\/v2\/product"}],"about":[{"href":"https:\/\/www.att-galb.it\/fr\/wp-json\/wp\/v2\/types\/product"}],"wp:featuredmedia":[{"embeddable":true,"href":"https:\/\/www.att-galb.it\/fr\/wp-json\/wp\/v2\/media\/2013"}],"wp:attachment":[{"href":"https:\/\/www.att-galb.it\/fr\/wp-json\/wp\/v2\/media?parent=2012"}],"wp:term":[{"taxonomy":"product_brand","embeddable":true,"href":"https:\/\/www.att-galb.it\/fr\/wp-json\/wp\/v2\/product_brand?post=2012"},{"taxonomy":"product_cat","embeddable":true,"href":"https:\/\/www.att-galb.it\/fr\/wp-json\/wp\/v2\/product_cat?post=2012"},{"taxonomy":"product_tag","embeddable":true,"href":"https:\/\/www.att-galb.it\/fr\/wp-json\/wp\/v2\/product_tag?post=2012"}],"curies":[{"name":"wp","href":"https:\/\/api.w.org\/{rel}","templated":true}]}}