{"id":2053,"date":"2019-11-13T11:14:08","date_gmt":"2019-11-13T10:14:08","guid":{"rendered":"https:\/\/atts.agomir.com\/prodotti\/non class\u00e9\/equipement-dessai-dextinction-de-la-flamme-de-la-veilleuse-dune-cuisiniere-a-gaz-generateur-de-courant-dair\/"},"modified":"2019-11-13T11:14:08","modified_gmt":"2019-11-13T10:14:08","slug":"equipement-dessai-dextinction-de-la-flamme-de-la-veilleuse-dune-cuisiniere-a-gaz-generateur-de-courant-dair","status":"publish","type":"product","link":"https:\/\/www.att-galb.it\/fr\/prodotti\/essais-de-cuisine\/equipement-dessai-dextinction-de-la-flamme-de-la-veilleuse-dune-cuisiniere-a-gaz-generateur-de-courant-dair\/","title":{"rendered":"\u00c9quipement d&rsquo;essai d&rsquo;extinction de la flamme de la veilleuse d&rsquo;une cuisini\u00e8re \u00e0 gaz (g\u00e9n\u00e9rateur de courant d&rsquo;air)"},"content":{"rendered":"","protected":false},"excerpt":{"rendered":"","protected":false},"featured_media":0,"template":"","meta":{"_acf_changed":false},"product_brand":[],"product_cat":[2268],"product_tag":[],"class_list":{"0":"post-2053","1":"product","2":"type-product","3":"status-publish","5":"product_cat-essais-de-cuisine","6":"pa_norme-di-riferimento-uni-cig-7135-fr","8":"first","9":"instock","10":"shipping-taxable","11":"product-type-simple"},"acf":[],"_links":{"self":[{"href":"https:\/\/www.att-galb.it\/fr\/wp-json\/wp\/v2\/product\/2053","targetHints":{"allow":["GET"]}}],"collection":[{"href":"https:\/\/www.att-galb.it\/fr\/wp-json\/wp\/v2\/product"}],"about":[{"href":"https:\/\/www.att-galb.it\/fr\/wp-json\/wp\/v2\/types\/product"}],"wp:attachment":[{"href":"https:\/\/www.att-galb.it\/fr\/wp-json\/wp\/v2\/media?parent=2053"}],"wp:term":[{"taxonomy":"product_brand","embeddable":true,"href":"https:\/\/www.att-galb.it\/fr\/wp-json\/wp\/v2\/product_brand?post=2053"},{"taxonomy":"product_cat","embeddable":true,"href":"https:\/\/www.att-galb.it\/fr\/wp-json\/wp\/v2\/product_cat?post=2053"},{"taxonomy":"product_tag","embeddable":true,"href":"https:\/\/www.att-galb.it\/fr\/wp-json\/wp\/v2\/product_tag?post=2053"}],"curies":[{"name":"wp","href":"https:\/\/api.w.org\/{rel}","templated":true}]}}