{"id":2092,"date":"2019-11-13T10:20:37","date_gmt":"2019-11-13T09:20:37","guid":{"rendered":"https:\/\/atts.agomir.com\/prodotti\/non class\u00e9\/dispositif-pour-les-essais-graffiatura-sur-les-pieces-de-refrigeration-echangeurs-de-chaleur\/"},"modified":"2019-11-13T10:20:37","modified_gmt":"2019-11-13T09:20:37","slug":"dispositif-pour-les-essais-graffiatura-sur-les-pieces-de-refrigeration-echangeurs-de-chaleur","status":"publish","type":"product","link":"https:\/\/www.att-galb.it\/fr\/prodotti\/essais-sur-les-appareils-menagers\/dispositif-pour-les-essais-graffiatura-sur-les-pieces-de-refrigeration-echangeurs-de-chaleur\/","title":{"rendered":"Dispositif pour les essais \u00ab GRAFFIATURA \u00bb sur les pi\u00e8ces de r\u00e9frig\u00e9ration (\u00e9changeurs de chaleur)"},"content":{"rendered":"","protected":false},"excerpt":{"rendered":"","protected":false},"featured_media":0,"template":"","meta":{"_acf_changed":false},"product_brand":[],"product_cat":[2263],"product_tag":[],"class_list":{"0":"post-2092","1":"product","2":"type-product","3":"status-publish","5":"product_cat-essais-sur-les-appareils-menagers","6":"pa_norme-di-riferimento-iec-cei-en-60335-2-24-fr","8":"first","9":"instock","10":"shipping-taxable","11":"product-type-simple"},"acf":[],"_links":{"self":[{"href":"https:\/\/www.att-galb.it\/fr\/wp-json\/wp\/v2\/product\/2092","targetHints":{"allow":["GET"]}}],"collection":[{"href":"https:\/\/www.att-galb.it\/fr\/wp-json\/wp\/v2\/product"}],"about":[{"href":"https:\/\/www.att-galb.it\/fr\/wp-json\/wp\/v2\/types\/product"}],"wp:attachment":[{"href":"https:\/\/www.att-galb.it\/fr\/wp-json\/wp\/v2\/media?parent=2092"}],"wp:term":[{"taxonomy":"product_brand","embeddable":true,"href":"https:\/\/www.att-galb.it\/fr\/wp-json\/wp\/v2\/product_brand?post=2092"},{"taxonomy":"product_cat","embeddable":true,"href":"https:\/\/www.att-galb.it\/fr\/wp-json\/wp\/v2\/product_cat?post=2092"},{"taxonomy":"product_tag","embeddable":true,"href":"https:\/\/www.att-galb.it\/fr\/wp-json\/wp\/v2\/product_tag?post=2092"}],"curies":[{"name":"wp","href":"https:\/\/api.w.org\/{rel}","templated":true}]}}