{"id":2098,"date":"2019-11-13T10:14:10","date_gmt":"2019-11-13T09:14:10","guid":{"rendered":"https:\/\/atts.agomir.com\/prodotti\/non class\u00e9\/equipement-de-controle-de-la-stabilite-des-lave-vaisselle-et-des-fours\/"},"modified":"2019-11-13T10:14:10","modified_gmt":"2019-11-13T09:14:10","slug":"equipement-de-controle-de-la-stabilite-des-lave-vaisselle-et-des-fours","status":"publish","type":"product","link":"https:\/\/www.att-galb.it\/fr\/prodotti\/essais-sur-les-appareils-menagers\/equipement-de-controle-de-la-stabilite-des-lave-vaisselle-et-des-fours\/","title":{"rendered":"\u00c9quipement de contr\u00f4le de la stabilit\u00e9 des lave-vaisselle et des fours"},"content":{"rendered":"","protected":false},"excerpt":{"rendered":"","protected":false},"featured_media":0,"template":"","meta":{"_acf_changed":false},"product_brand":[],"product_cat":[2263],"product_tag":[],"class_list":{"0":"post-2098","1":"product","2":"type-product","3":"status-publish","5":"product_cat-essais-sur-les-appareils-menagers","6":"pa_norme-di-riferimento-iec-cei-en-60335-2-5-fr","7":"pa_norme-di-riferimento-iec-cei-en-60335-2-6-fr","9":"first","10":"instock","11":"shipping-taxable","12":"product-type-simple"},"acf":[],"_links":{"self":[{"href":"https:\/\/www.att-galb.it\/fr\/wp-json\/wp\/v2\/product\/2098","targetHints":{"allow":["GET"]}}],"collection":[{"href":"https:\/\/www.att-galb.it\/fr\/wp-json\/wp\/v2\/product"}],"about":[{"href":"https:\/\/www.att-galb.it\/fr\/wp-json\/wp\/v2\/types\/product"}],"wp:attachment":[{"href":"https:\/\/www.att-galb.it\/fr\/wp-json\/wp\/v2\/media?parent=2098"}],"wp:term":[{"taxonomy":"product_brand","embeddable":true,"href":"https:\/\/www.att-galb.it\/fr\/wp-json\/wp\/v2\/product_brand?post=2098"},{"taxonomy":"product_cat","embeddable":true,"href":"https:\/\/www.att-galb.it\/fr\/wp-json\/wp\/v2\/product_cat?post=2098"},{"taxonomy":"product_tag","embeddable":true,"href":"https:\/\/www.att-galb.it\/fr\/wp-json\/wp\/v2\/product_tag?post=2098"}],"curies":[{"name":"wp","href":"https:\/\/api.w.org\/{rel}","templated":true}]}}