{"id":2103,"date":"2019-11-13T10:12:09","date_gmt":"2019-11-13T09:12:09","guid":{"rendered":"https:\/\/atts.agomir.com\/prodotti\/non class\u00e9\/equipement-pour-tester-la-resistance-mecanique-des-fers\/"},"modified":"2019-11-13T10:12:09","modified_gmt":"2019-11-13T09:12:09","slug":"equipement-pour-tester-la-resistance-mecanique-des-fers","status":"publish","type":"product","link":"https:\/\/www.att-galb.it\/fr\/prodotti\/essais-sur-les-appareils-menagers\/equipement-pour-tester-la-resistance-mecanique-des-fers\/","title":{"rendered":"\u00c9quipement pour tester la r\u00e9sistance m\u00e9canique des fers"},"content":{"rendered":"","protected":false},"excerpt":{"rendered":"","protected":false},"featured_media":2104,"template":"","meta":{"_acf_changed":false},"product_brand":[],"product_cat":[2263],"product_tag":[],"class_list":{"0":"post-2103","1":"product","2":"type-product","3":"status-publish","4":"has-post-thumbnail","6":"product_cat-essais-sur-les-appareils-menagers","7":"pa_norme-di-riferimento-iec-cei-en-60335-2-3-fr","9":"first","10":"instock","11":"shipping-taxable","12":"product-type-simple"},"acf":[],"_links":{"self":[{"href":"https:\/\/www.att-galb.it\/fr\/wp-json\/wp\/v2\/product\/2103","targetHints":{"allow":["GET"]}}],"collection":[{"href":"https:\/\/www.att-galb.it\/fr\/wp-json\/wp\/v2\/product"}],"about":[{"href":"https:\/\/www.att-galb.it\/fr\/wp-json\/wp\/v2\/types\/product"}],"wp:featuredmedia":[{"embeddable":true,"href":"https:\/\/www.att-galb.it\/fr\/wp-json\/wp\/v2\/media\/2104"}],"wp:attachment":[{"href":"https:\/\/www.att-galb.it\/fr\/wp-json\/wp\/v2\/media?parent=2103"}],"wp:term":[{"taxonomy":"product_brand","embeddable":true,"href":"https:\/\/www.att-galb.it\/fr\/wp-json\/wp\/v2\/product_brand?post=2103"},{"taxonomy":"product_cat","embeddable":true,"href":"https:\/\/www.att-galb.it\/fr\/wp-json\/wp\/v2\/product_cat?post=2103"},{"taxonomy":"product_tag","embeddable":true,"href":"https:\/\/www.att-galb.it\/fr\/wp-json\/wp\/v2\/product_tag?post=2103"}],"curies":[{"name":"wp","href":"https:\/\/api.w.org\/{rel}","templated":true}]}}