{"id":2105,"date":"2019-11-12T17:22:21","date_gmt":"2019-11-12T16:22:21","guid":{"rendered":"https:\/\/atts.agomir.com\/prodotti\/non class\u00e9\/support-metallique-conique-pour-lampes-fluorescentes-avec-ballast-integre\/"},"modified":"2019-11-12T17:22:21","modified_gmt":"2019-11-12T16:22:21","slug":"support-metallique-conique-pour-lampes-fluorescentes-avec-ballast-integre","status":"publish","type":"product","link":"https:\/\/www.att-galb.it\/fr\/prodotti\/tests-de-compatibilite-electromagnetique\/support-metallique-conique-pour-lampes-fluorescentes-avec-ballast-integre\/","title":{"rendered":"Support m\u00e9tallique conique pour lampes fluorescentes avec ballast int\u00e9gr\u00e9"},"content":{"rendered":"","protected":false},"excerpt":{"rendered":"","protected":false},"featured_media":0,"template":"","meta":{"_acf_changed":false},"product_brand":[],"product_cat":[2256],"product_tag":[],"class_list":{"0":"post-2105","1":"product","2":"type-product","3":"status-publish","5":"product_cat-tests-de-compatibilite-electromagnetique","6":"pa_norme-di-riferimento-cei-en-55015-fr","8":"first","9":"instock","10":"shipping-taxable","11":"product-type-simple"},"acf":[],"_links":{"self":[{"href":"https:\/\/www.att-galb.it\/fr\/wp-json\/wp\/v2\/product\/2105","targetHints":{"allow":["GET"]}}],"collection":[{"href":"https:\/\/www.att-galb.it\/fr\/wp-json\/wp\/v2\/product"}],"about":[{"href":"https:\/\/www.att-galb.it\/fr\/wp-json\/wp\/v2\/types\/product"}],"wp:attachment":[{"href":"https:\/\/www.att-galb.it\/fr\/wp-json\/wp\/v2\/media?parent=2105"}],"wp:term":[{"taxonomy":"product_brand","embeddable":true,"href":"https:\/\/www.att-galb.it\/fr\/wp-json\/wp\/v2\/product_brand?post=2105"},{"taxonomy":"product_cat","embeddable":true,"href":"https:\/\/www.att-galb.it\/fr\/wp-json\/wp\/v2\/product_cat?post=2105"},{"taxonomy":"product_tag","embeddable":true,"href":"https:\/\/www.att-galb.it\/fr\/wp-json\/wp\/v2\/product_tag?post=2105"}],"curies":[{"name":"wp","href":"https:\/\/api.w.org\/{rel}","templated":true}]}}