{"id":2228,"date":"2019-11-07T15:15:57","date_gmt":"2019-11-07T14:15:57","guid":{"rendered":"https:\/\/atts.agomir.com\/prodotti\/non class\u00e9\/equipement-pour-les-essais-dimpact-a-basse-temperature-sur-les-tuyaux-dinstallation-electrique-pour-usage-souterrain\/"},"modified":"2019-11-07T15:15:57","modified_gmt":"2019-11-07T14:15:57","slug":"equipement-pour-les-essais-dimpact-a-basse-temperature-sur-les-tuyaux-dinstallation-electrique-pour-usage-souterrain","status":"publish","type":"product","link":"https:\/\/www.att-galb.it\/fr\/prodotti\/essais-sur-les-tuyaux-pour-les-installations-electriques\/equipement-pour-les-essais-dimpact-a-basse-temperature-sur-les-tuyaux-dinstallation-electrique-pour-usage-souterrain\/","title":{"rendered":"\u00c9quipement pour les essais d&rsquo;impact \u00e0 basse temp\u00e9rature sur les tuyaux d&rsquo;installation \u00e9lectrique pour usage souterrain"},"content":{"rendered":"","protected":false},"excerpt":{"rendered":"","protected":false},"featured_media":2229,"template":"","meta":{"_acf_changed":false},"product_brand":[],"product_cat":[2275],"product_tag":[],"class_list":{"0":"post-2228","1":"product","2":"type-product","3":"status-publish","4":"has-post-thumbnail","6":"product_cat-essais-sur-les-tuyaux-pour-les-installations-electriques","7":"pa_norme-di-riferimento-cei-en-50086-2-4-fr","8":"pa_norme-di-riferimento-iec-cei-en-61386-24-fr","10":"first","11":"instock","12":"shipping-taxable","13":"product-type-simple"},"acf":[],"_links":{"self":[{"href":"https:\/\/www.att-galb.it\/fr\/wp-json\/wp\/v2\/product\/2228","targetHints":{"allow":["GET"]}}],"collection":[{"href":"https:\/\/www.att-galb.it\/fr\/wp-json\/wp\/v2\/product"}],"about":[{"href":"https:\/\/www.att-galb.it\/fr\/wp-json\/wp\/v2\/types\/product"}],"wp:featuredmedia":[{"embeddable":true,"href":"https:\/\/www.att-galb.it\/fr\/wp-json\/wp\/v2\/media\/2229"}],"wp:attachment":[{"href":"https:\/\/www.att-galb.it\/fr\/wp-json\/wp\/v2\/media?parent=2228"}],"wp:term":[{"taxonomy":"product_brand","embeddable":true,"href":"https:\/\/www.att-galb.it\/fr\/wp-json\/wp\/v2\/product_brand?post=2228"},{"taxonomy":"product_cat","embeddable":true,"href":"https:\/\/www.att-galb.it\/fr\/wp-json\/wp\/v2\/product_cat?post=2228"},{"taxonomy":"product_tag","embeddable":true,"href":"https:\/\/www.att-galb.it\/fr\/wp-json\/wp\/v2\/product_tag?post=2228"}],"curies":[{"name":"wp","href":"https:\/\/api.w.org\/{rel}","templated":true}]}}