{"id":2236,"date":"2019-11-07T15:08:14","date_gmt":"2019-11-07T14:08:14","guid":{"rendered":"https:\/\/atts.agomir.com\/prodotti\/non class\u00e9\/dispositif-pour-mesurer-la-resistance-disolation-et-tester-la-rigidite-dielectrique\/"},"modified":"2019-11-07T15:08:14","modified_gmt":"2019-11-07T14:08:14","slug":"dispositif-pour-mesurer-la-resistance-disolation-et-tester-la-rigidite-dielectrique","status":"publish","type":"product","link":"https:\/\/www.att-galb.it\/fr\/prodotti\/essais-sur-les-tuyaux-pour-les-installations-electriques\/dispositif-pour-mesurer-la-resistance-disolation-et-tester-la-rigidite-dielectrique\/","title":{"rendered":"Dispositif pour mesurer la r\u00e9sistance d&rsquo;isolation et tester la rigidit\u00e9 di\u00e9lectrique"},"content":{"rendered":"","protected":false},"excerpt":{"rendered":"","protected":false},"featured_media":2237,"template":"","meta":{"_acf_changed":false},"product_brand":[],"product_cat":[2275],"product_tag":[],"class_list":{"0":"post-2236","1":"product","2":"type-product","3":"status-publish","4":"has-post-thumbnail","6":"product_cat-essais-sur-les-tuyaux-pour-les-installations-electriques","7":"pa_norme-di-riferimento-cei-en-50086-1-fr","8":"pa_norme-di-riferimento-iec-cei-en-61386-1-fr","10":"first","11":"instock","12":"shipping-taxable","13":"product-type-simple"},"acf":[],"_links":{"self":[{"href":"https:\/\/www.att-galb.it\/fr\/wp-json\/wp\/v2\/product\/2236","targetHints":{"allow":["GET"]}}],"collection":[{"href":"https:\/\/www.att-galb.it\/fr\/wp-json\/wp\/v2\/product"}],"about":[{"href":"https:\/\/www.att-galb.it\/fr\/wp-json\/wp\/v2\/types\/product"}],"wp:featuredmedia":[{"embeddable":true,"href":"https:\/\/www.att-galb.it\/fr\/wp-json\/wp\/v2\/media\/2237"}],"wp:attachment":[{"href":"https:\/\/www.att-galb.it\/fr\/wp-json\/wp\/v2\/media?parent=2236"}],"wp:term":[{"taxonomy":"product_brand","embeddable":true,"href":"https:\/\/www.att-galb.it\/fr\/wp-json\/wp\/v2\/product_brand?post=2236"},{"taxonomy":"product_cat","embeddable":true,"href":"https:\/\/www.att-galb.it\/fr\/wp-json\/wp\/v2\/product_cat?post=2236"},{"taxonomy":"product_tag","embeddable":true,"href":"https:\/\/www.att-galb.it\/fr\/wp-json\/wp\/v2\/product_tag?post=2236"}],"curies":[{"name":"wp","href":"https:\/\/api.w.org\/{rel}","templated":true}]}}