{"id":2239,"date":"2019-11-07T15:03:38","date_gmt":"2019-11-07T14:03:38","guid":{"rendered":"https:\/\/atts.agomir.com\/prodotti\/non class\u00e9\/dispositif-dessai-de-resistance-a-la-chaleur-ecrasement-a-chaud\/"},"modified":"2019-11-07T15:03:38","modified_gmt":"2019-11-07T14:03:38","slug":"dispositif-dessai-de-resistance-a-la-chaleur-ecrasement-a-chaud","status":"publish","type":"product","link":"https:\/\/www.att-galb.it\/fr\/prodotti\/essais-sur-les-tuyaux-pour-les-installations-electriques\/dispositif-dessai-de-resistance-a-la-chaleur-ecrasement-a-chaud\/","title":{"rendered":"Dispositif d&rsquo;essai de r\u00e9sistance \u00e0 la chaleur (\u00e9crasement \u00e0 chaud)"},"content":{"rendered":"","protected":false},"excerpt":{"rendered":"","protected":false},"featured_media":2240,"template":"","meta":{"_acf_changed":false},"product_brand":[],"product_cat":[2275],"product_tag":[],"class_list":{"0":"post-2239","1":"product","2":"type-product","3":"status-publish","4":"has-post-thumbnail","6":"product_cat-essais-sur-les-tuyaux-pour-les-installations-electriques","7":"pa_norme-di-riferimento-cei-en-50086-1-fr","8":"pa_norme-di-riferimento-iec-cei-en-61386-1-fr","10":"first","11":"instock","12":"shipping-taxable","13":"product-type-simple"},"acf":[],"_links":{"self":[{"href":"https:\/\/www.att-galb.it\/fr\/wp-json\/wp\/v2\/product\/2239","targetHints":{"allow":["GET"]}}],"collection":[{"href":"https:\/\/www.att-galb.it\/fr\/wp-json\/wp\/v2\/product"}],"about":[{"href":"https:\/\/www.att-galb.it\/fr\/wp-json\/wp\/v2\/types\/product"}],"wp:featuredmedia":[{"embeddable":true,"href":"https:\/\/www.att-galb.it\/fr\/wp-json\/wp\/v2\/media\/2240"}],"wp:attachment":[{"href":"https:\/\/www.att-galb.it\/fr\/wp-json\/wp\/v2\/media?parent=2239"}],"wp:term":[{"taxonomy":"product_brand","embeddable":true,"href":"https:\/\/www.att-galb.it\/fr\/wp-json\/wp\/v2\/product_brand?post=2239"},{"taxonomy":"product_cat","embeddable":true,"href":"https:\/\/www.att-galb.it\/fr\/wp-json\/wp\/v2\/product_cat?post=2239"},{"taxonomy":"product_tag","embeddable":true,"href":"https:\/\/www.att-galb.it\/fr\/wp-json\/wp\/v2\/product_tag?post=2239"}],"curies":[{"name":"wp","href":"https:\/\/api.w.org\/{rel}","templated":true}]}}