{"id":2246,"date":"2019-11-07T12:04:21","date_gmt":"2019-11-07T11:04:21","guid":{"rendered":"https:\/\/atts.agomir.com\/prodotti\/non class\u00e9\/equipement-pour-lessai-dabrasion-de-lisolation-et-de-la-gaine-des-cables-electriques\/"},"modified":"2019-11-07T12:04:21","modified_gmt":"2019-11-07T11:04:21","slug":"equipement-pour-lessai-dabrasion-de-lisolation-et-de-la-gaine-des-cables-electriques","status":"publish","type":"product","link":"https:\/\/www.att-galb.it\/fr\/prodotti\/essais-sur-les-cables-denergie\/equipement-pour-lessai-dabrasion-de-lisolation-et-de-la-gaine-des-cables-electriques\/","title":{"rendered":"\u00c9quipement pour l&rsquo;essai d&rsquo;abrasion de l&rsquo;isolation et de la gaine des c\u00e2bles \u00e9lectriques"},"content":{"rendered":"","protected":false},"excerpt":{"rendered":"","protected":false},"featured_media":2247,"template":"","meta":{"_acf_changed":false},"product_brand":[],"product_cat":[2267],"product_tag":[],"class_list":{"0":"post-2246","1":"product","2":"type-product","3":"status-publish","4":"has-post-thumbnail","6":"product_cat-essais-sur-les-cables-denergie","7":"pa_norme-di-riferimento-cei-en-50305-fr","8":"pa_norme-di-riferimento-iso-6722-fr","10":"first","11":"instock","12":"shipping-taxable","13":"product-type-simple"},"acf":[],"_links":{"self":[{"href":"https:\/\/www.att-galb.it\/fr\/wp-json\/wp\/v2\/product\/2246","targetHints":{"allow":["GET"]}}],"collection":[{"href":"https:\/\/www.att-galb.it\/fr\/wp-json\/wp\/v2\/product"}],"about":[{"href":"https:\/\/www.att-galb.it\/fr\/wp-json\/wp\/v2\/types\/product"}],"wp:featuredmedia":[{"embeddable":true,"href":"https:\/\/www.att-galb.it\/fr\/wp-json\/wp\/v2\/media\/2247"}],"wp:attachment":[{"href":"https:\/\/www.att-galb.it\/fr\/wp-json\/wp\/v2\/media?parent=2246"}],"wp:term":[{"taxonomy":"product_brand","embeddable":true,"href":"https:\/\/www.att-galb.it\/fr\/wp-json\/wp\/v2\/product_brand?post=2246"},{"taxonomy":"product_cat","embeddable":true,"href":"https:\/\/www.att-galb.it\/fr\/wp-json\/wp\/v2\/product_cat?post=2246"},{"taxonomy":"product_tag","embeddable":true,"href":"https:\/\/www.att-galb.it\/fr\/wp-json\/wp\/v2\/product_tag?post=2246"}],"curies":[{"name":"wp","href":"https:\/\/api.w.org\/{rel}","templated":true}]}}