{"id":2268,"date":"2019-11-07T11:55:35","date_gmt":"2019-11-07T10:55:35","guid":{"rendered":"https:\/\/atts.agomir.com\/prodotti\/non class\u00e9\/equipement-pour-le-test-de-pliage-alternatif-des-cables-pour-les-installations-electriques-et-a-fibres-optiques\/"},"modified":"2019-11-07T11:55:35","modified_gmt":"2019-11-07T10:55:35","slug":"equipement-pour-le-test-de-pliage-alternatif-des-cables-pour-les-installations-electriques-et-a-fibres-optiques","status":"publish","type":"product","link":"https:\/\/www.att-galb.it\/fr\/prodotti\/essais-sur-les-cables-denergie\/equipement-pour-le-test-de-pliage-alternatif-des-cables-pour-les-installations-electriques-et-a-fibres-optiques\/","title":{"rendered":"\u00c9quipement pour le test de pliage alternatif des c\u00e2bles pour les installations \u00e9lectriques et \u00e0 fibres optiques"},"content":{"rendered":"","protected":false},"excerpt":{"rendered":"","protected":false},"featured_media":0,"template":"","meta":{"_acf_changed":false},"product_brand":[],"product_cat":[2267],"product_tag":[],"class_list":{"0":"post-2268","1":"product","2":"type-product","3":"status-publish","5":"product_cat-essais-sur-les-cables-denergie","6":"pa_norme-di-riferimento-cei-20-20-fr","7":"pa_norme-di-riferimento-cei-en-50289-3-9-fr","8":"pa_norme-di-riferimento-iec-60794-1-fr","10":"first","11":"instock","12":"shipping-taxable","13":"product-type-simple"},"acf":[],"_links":{"self":[{"href":"https:\/\/www.att-galb.it\/fr\/wp-json\/wp\/v2\/product\/2268","targetHints":{"allow":["GET"]}}],"collection":[{"href":"https:\/\/www.att-galb.it\/fr\/wp-json\/wp\/v2\/product"}],"about":[{"href":"https:\/\/www.att-galb.it\/fr\/wp-json\/wp\/v2\/types\/product"}],"wp:attachment":[{"href":"https:\/\/www.att-galb.it\/fr\/wp-json\/wp\/v2\/media?parent=2268"}],"wp:term":[{"taxonomy":"product_brand","embeddable":true,"href":"https:\/\/www.att-galb.it\/fr\/wp-json\/wp\/v2\/product_brand?post=2268"},{"taxonomy":"product_cat","embeddable":true,"href":"https:\/\/www.att-galb.it\/fr\/wp-json\/wp\/v2\/product_cat?post=2268"},{"taxonomy":"product_tag","embeddable":true,"href":"https:\/\/www.att-galb.it\/fr\/wp-json\/wp\/v2\/product_tag?post=2268"}],"curies":[{"name":"wp","href":"https:\/\/api.w.org\/{rel}","templated":true}]}}