{"id":2322,"date":"2019-11-06T11:33:17","date_gmt":"2019-11-06T10:33:17","guid":{"rendered":"https:\/\/atts.agomir.com\/prodotti\/non class\u00e9\/dispositif-automatique-de-verification-de-la-protection-contre-la-pluie-et-les-eclaboussures-classes-ipx3-et-ipx4-diametre-darc-max-2000-mm\/"},"modified":"2019-11-06T11:33:17","modified_gmt":"2019-11-06T10:33:17","slug":"dispositif-automatique-de-verification-de-la-protection-contre-la-pluie-et-les-eclaboussures-classes-ipx3-et-ipx4-diametre-darc-max-2000-mm","status":"publish","type":"product","link":"https:\/\/www.att-galb.it\/fr\/prodotti\/points-forts\/dispositif-automatique-de-verification-de-la-protection-contre-la-pluie-et-les-eclaboussures-classes-ipx3-et-ipx4-diametre-darc-max-2000-mm\/","title":{"rendered":"Dispositif automatique de v\u00e9rification de la protection contre la pluie et les \u00e9claboussures &#8211; Classes IPX3 et IPX4 &#8211; Diam\u00e8tre d&rsquo;arc max. 2000 mm"},"content":{"rendered":"","protected":false},"excerpt":{"rendered":"","protected":false},"featured_media":2323,"template":"","meta":{"_acf_changed":false},"product_brand":[],"product_cat":[2259,2255],"product_tag":[],"class_list":{"0":"post-2322","1":"product","2":"type-product","3":"status-publish","4":"has-post-thumbnail","6":"product_cat-essais-de-penetration-de-leau-et-de-la-poussiere","7":"product_cat-points-forts","8":"pa_norme-di-riferimento-din-40050-fr","9":"pa_norme-di-riferimento-iec-cei-en-60068-2-18-fr","10":"pa_norme-di-riferimento-iec-cei-en-60529-fr","11":"pa_norme-di-riferimento-iso-26053-fr","13":"first","14":"instock","15":"shipping-taxable","16":"product-type-simple"},"acf":[],"_links":{"self":[{"href":"https:\/\/www.att-galb.it\/fr\/wp-json\/wp\/v2\/product\/2322","targetHints":{"allow":["GET"]}}],"collection":[{"href":"https:\/\/www.att-galb.it\/fr\/wp-json\/wp\/v2\/product"}],"about":[{"href":"https:\/\/www.att-galb.it\/fr\/wp-json\/wp\/v2\/types\/product"}],"wp:featuredmedia":[{"embeddable":true,"href":"https:\/\/www.att-galb.it\/fr\/wp-json\/wp\/v2\/media\/2323"}],"wp:attachment":[{"href":"https:\/\/www.att-galb.it\/fr\/wp-json\/wp\/v2\/media?parent=2322"}],"wp:term":[{"taxonomy":"product_brand","embeddable":true,"href":"https:\/\/www.att-galb.it\/fr\/wp-json\/wp\/v2\/product_brand?post=2322"},{"taxonomy":"product_cat","embeddable":true,"href":"https:\/\/www.att-galb.it\/fr\/wp-json\/wp\/v2\/product_cat?post=2322"},{"taxonomy":"product_tag","embeddable":true,"href":"https:\/\/www.att-galb.it\/fr\/wp-json\/wp\/v2\/product_tag?post=2322"}],"curies":[{"name":"wp","href":"https:\/\/api.w.org\/{rel}","templated":true}]}}