{"id":2324,"date":"2019-11-06T11:34:40","date_gmt":"2019-11-06T10:34:40","guid":{"rendered":"https:\/\/atts.agomir.com\/prodotti\/non class\u00e9\/equipement-automatique-de-test-de-protection-contre-la-pluie-et-les-eclaboussures-classes-ipx3-et-ipx4-diametre-darc-max-mm-1200-avec-boitier-de-protection-contre-les-eclaboussures-integre\/"},"modified":"2019-11-06T11:34:40","modified_gmt":"2019-11-06T10:34:40","slug":"equipement-automatique-de-test-de-protection-contre-la-pluie-et-les-eclaboussures-classes-ipx3-et-ipx4-diametre-darc-max-mm-1200-avec-boitier-de-protection-contre-les-eclaboussures-integre","status":"publish","type":"product","link":"https:\/\/www.att-galb.it\/fr\/prodotti\/essais-de-penetration-de-leau-et-de-la-poussiere\/equipement-automatique-de-test-de-protection-contre-la-pluie-et-les-eclaboussures-classes-ipx3-et-ipx4-diametre-darc-max-mm-1200-avec-boitier-de-protection-contre-les-eclaboussures-integre\/","title":{"rendered":"\u00c9quipement automatique de test de protection contre la pluie et les \u00e9claboussures &#8211; Classes IPX3 et IPX4 &#8211; Diam\u00e8tre d&rsquo;arc max. mm 1200 avec bo\u00eetier de protection contre les \u00e9claboussures int\u00e9gr\u00e9"},"content":{"rendered":"","protected":false},"excerpt":{"rendered":"","protected":false},"featured_media":2325,"template":"","meta":{"_acf_changed":false},"product_brand":[],"product_cat":[2259],"product_tag":[],"class_list":{"0":"post-2324","1":"product","2":"type-product","3":"status-publish","4":"has-post-thumbnail","6":"product_cat-essais-de-penetration-de-leau-et-de-la-poussiere","7":"pa_norme-di-riferimento-din-40050-fr","8":"pa_norme-di-riferimento-iec-cei-en-60068-2-18-fr","9":"pa_norme-di-riferimento-iec-cei-en-60529-fr","10":"pa_norme-di-riferimento-iso-26053-fr","12":"first","13":"instock","14":"shipping-taxable","15":"product-type-simple"},"acf":[],"_links":{"self":[{"href":"https:\/\/www.att-galb.it\/fr\/wp-json\/wp\/v2\/product\/2324","targetHints":{"allow":["GET"]}}],"collection":[{"href":"https:\/\/www.att-galb.it\/fr\/wp-json\/wp\/v2\/product"}],"about":[{"href":"https:\/\/www.att-galb.it\/fr\/wp-json\/wp\/v2\/types\/product"}],"wp:featuredmedia":[{"embeddable":true,"href":"https:\/\/www.att-galb.it\/fr\/wp-json\/wp\/v2\/media\/2325"}],"wp:attachment":[{"href":"https:\/\/www.att-galb.it\/fr\/wp-json\/wp\/v2\/media?parent=2324"}],"wp:term":[{"taxonomy":"product_brand","embeddable":true,"href":"https:\/\/www.att-galb.it\/fr\/wp-json\/wp\/v2\/product_brand?post=2324"},{"taxonomy":"product_cat","embeddable":true,"href":"https:\/\/www.att-galb.it\/fr\/wp-json\/wp\/v2\/product_cat?post=2324"},{"taxonomy":"product_tag","embeddable":true,"href":"https:\/\/www.att-galb.it\/fr\/wp-json\/wp\/v2\/product_tag?post=2324"}],"curies":[{"name":"wp","href":"https:\/\/api.w.org\/{rel}","templated":true}]}}