{"id":2344,"date":"2019-11-06T11:22:11","date_gmt":"2019-11-06T10:22:11","guid":{"rendered":"https:\/\/atts.agomir.com\/prodotti\/non class\u00e9\/bac-de-recuperation-pour-les-tests-de-resistance-a-leau\/"},"modified":"2019-11-06T11:22:11","modified_gmt":"2019-11-06T10:22:11","slug":"bac-de-recuperation-pour-les-tests-de-resistance-a-leau","status":"publish","type":"product","link":"https:\/\/www.att-galb.it\/fr\/prodotti\/essais-de-penetration-de-leau-et-de-la-poussiere\/bac-de-recuperation-pour-les-tests-de-resistance-a-leau\/","title":{"rendered":"Bac de r\u00e9cup\u00e9ration pour les tests de r\u00e9sistance \u00e0 l&rsquo;eau"},"content":{"rendered":"","protected":false},"excerpt":{"rendered":"","protected":false},"featured_media":0,"template":"","meta":{"_acf_changed":false},"product_brand":[],"product_cat":[2259],"product_tag":[],"class_list":{"0":"post-2344","1":"product","2":"type-product","3":"status-publish","5":"product_cat-essais-de-penetration-de-leau-et-de-la-poussiere","6":"pa_norme-di-riferimento-eurocae-fr","7":"pa_norme-di-riferimento-mil-std-810f-fr","8":"pa_norme-di-riferimento-mil-std-810g-fr","10":"first","11":"instock","12":"shipping-taxable","13":"product-type-simple"},"acf":[],"_links":{"self":[{"href":"https:\/\/www.att-galb.it\/fr\/wp-json\/wp\/v2\/product\/2344","targetHints":{"allow":["GET"]}}],"collection":[{"href":"https:\/\/www.att-galb.it\/fr\/wp-json\/wp\/v2\/product"}],"about":[{"href":"https:\/\/www.att-galb.it\/fr\/wp-json\/wp\/v2\/types\/product"}],"wp:attachment":[{"href":"https:\/\/www.att-galb.it\/fr\/wp-json\/wp\/v2\/media?parent=2344"}],"wp:term":[{"taxonomy":"product_brand","embeddable":true,"href":"https:\/\/www.att-galb.it\/fr\/wp-json\/wp\/v2\/product_brand?post=2344"},{"taxonomy":"product_cat","embeddable":true,"href":"https:\/\/www.att-galb.it\/fr\/wp-json\/wp\/v2\/product_cat?post=2344"},{"taxonomy":"product_tag","embeddable":true,"href":"https:\/\/www.att-galb.it\/fr\/wp-json\/wp\/v2\/product_tag?post=2344"}],"curies":[{"name":"wp","href":"https:\/\/api.w.org\/{rel}","templated":true}]}}