{"id":2351,"date":"2019-11-06T11:16:44","date_gmt":"2019-11-06T10:16:44","guid":{"rendered":"https:\/\/atts.agomir.com\/prodotti\/non%20class\u00e9\/chambre-de-protection-contre-les-infiltrations-de-poussieres-ip5x-et-ip6x\/"},"modified":"2025-11-03T10:36:44","modified_gmt":"2025-11-03T09:36:44","slug":"chambre-de-protection-contre-les-infiltrations-de-poussieres-ip5x-et-ip6x","status":"publish","type":"product","link":"https:\/\/www.att-galb.it\/fr\/prodotti\/points-forts\/chambre-de-protection-contre-les-infiltrations-de-poussieres-ip5x-et-ip6x\/","title":{"rendered":"Chambre de protection contre les infiltrations de poussi\u00e8res &#8211; IP5X et IP6X"},"content":{"rendered":"<p><strong>Equipement pour la verification de la protection contre la poussiere: dispositif pour l\u2019ex\u00e9cution d\u2019essais dans le but de d\u00e9montrer la protection contre la p\u00e9n\u00e9tration du sable et de la poussi\u00e8re<\/strong><\/p>\n<p>Notre chambre d&rsquo;essai d&rsquo;\u00e9tanch\u00e9it\u00e9 \u00e0 la poussi\u00e8re permet de d\u00e9terminer l&rsquo;indice de protection (IP) contre la p\u00e9n\u00e9tration de la poussi\u00e8re dans les environnements industriels. Id\u00e9al pour tester l&rsquo;\u00e9tanch\u00e9it\u00e9 \u00e0 la poussi\u00e8re des appareils, cet instrument maintient le talc en suspension gr\u00e2ce \u00e0 des ventilateurs, simulant ainsi des sc\u00e9narios d&rsquo;exposition r\u00e9els afin de garantir une fiabilit\u00e9 maximale et la conformit\u00e9 aux normes du march\u00e9.<\/p>\n<p>&nbsp;<\/p>\n<p><strong>Sp\u00e9cifications techniques<\/strong><\/p>\n<ul>\n<li>L\u2019installation r\u00e9alis\u00e9e en t\u00f4le de fer <b>soud\u00e9e<\/b> et vernie \u00e0 poudre \u00e9poxy couleur RAL 7032<\/li>\n<li><b>Chambre \u00e0 deux sections : <\/b>sup\u00e9rieure pour contenir les exemplaires en essai, inf\u00e9rieure pour la collecte et la recirculation du talc<\/li>\n<li><b>Dimensions :<\/b> diff\u00e9rentes options disponibles (de 1m\u00b3 jusqu&rsquo;\u00e0 12m\u00b3 de volume)<\/li>\n<li><b>Porte avec vitre d&rsquo;inspection<\/b> pour surveiller les tests<\/li>\n<li><b>Syst\u00e8me de ventilation radiale<\/b> pour suspension de talc<\/li>\n<li><b>Certifications<\/b> : conforme aux normes CEI 60529, CEI 60068-2-68 et ISO 20653<\/li>\n<\/ul>\n","protected":false},"excerpt":{"rendered":"<p>Equipement pour la verification de la protection contre la poussiere: dispositif pour l\u2019ex\u00e9cution d\u2019essais dans le but de d\u00e9montrer la<\/p>\n","protected":false},"featured_media":2353,"template":"","meta":{"_acf_changed":false},"product_brand":[],"product_cat":[2259,2255],"product_tag":[],"class_list":{"0":"post-2351","1":"product","2":"type-product","3":"status-publish","4":"has-post-thumbnail","6":"product_cat-essais-de-penetration-de-leau-et-de-la-poussiere","7":"product_cat-points-forts","8":"pa_norme-di-riferimento-din-40050-fr","9":"pa_norme-di-riferimento-iec-cei-en-60068-2-68-fr","10":"pa_norme-di-riferimento-iec-cei-en-60529-fr","11":"pa_norme-di-riferimento-iso-26053-fr","13":"first","14":"instock","15":"shipping-taxable","16":"product-type-simple"},"acf":[],"_links":{"self":[{"href":"https:\/\/www.att-galb.it\/fr\/wp-json\/wp\/v2\/product\/2351","targetHints":{"allow":["GET"]}}],"collection":[{"href":"https:\/\/www.att-galb.it\/fr\/wp-json\/wp\/v2\/product"}],"about":[{"href":"https:\/\/www.att-galb.it\/fr\/wp-json\/wp\/v2\/types\/product"}],"wp:featuredmedia":[{"embeddable":true,"href":"https:\/\/www.att-galb.it\/fr\/wp-json\/wp\/v2\/media\/2353"}],"wp:attachment":[{"href":"https:\/\/www.att-galb.it\/fr\/wp-json\/wp\/v2\/media?parent=2351"}],"wp:term":[{"taxonomy":"product_brand","embeddable":true,"href":"https:\/\/www.att-galb.it\/fr\/wp-json\/wp\/v2\/product_brand?post=2351"},{"taxonomy":"product_cat","embeddable":true,"href":"https:\/\/www.att-galb.it\/fr\/wp-json\/wp\/v2\/product_cat?post=2351"},{"taxonomy":"product_tag","embeddable":true,"href":"https:\/\/www.att-galb.it\/fr\/wp-json\/wp\/v2\/product_tag?post=2351"}],"curies":[{"name":"wp","href":"https:\/\/api.w.org\/{rel}","templated":true}]}}