{"id":2358,"date":"2019-11-06T10:52:54","date_gmt":"2019-11-06T09:52:54","guid":{"rendered":"https:\/\/atts.agomir.com\/prodotti\/non class\u00e9\/equipement-dessai-dallumage-darc-a-haute-intensite\/"},"modified":"2019-11-06T10:52:54","modified_gmt":"2019-11-06T09:52:54","slug":"equipement-dessai-dallumage-darc-a-haute-intensite","status":"publish","type":"product","link":"https:\/\/www.att-galb.it\/fr\/prodotti\/essais-de-conformite-des-materiaux\/equipement-dessai-dallumage-darc-a-haute-intensite\/","title":{"rendered":"\u00c9QUIPEMENT D&rsquo;ESSAI D&rsquo;ALLUMAGE D&rsquo;ARC \u00c0 HAUTE INTENSIT\u00c9"},"content":{"rendered":"","protected":false},"excerpt":{"rendered":"","protected":false},"featured_media":2359,"template":"","meta":{"_acf_changed":false},"product_brand":[],"product_cat":[2257],"product_tag":[],"class_list":{"0":"post-2358","1":"product","2":"type-product","3":"status-publish","4":"has-post-thumbnail","6":"product_cat-essais-de-conformite-des-materiaux","7":"pa_norme-di-riferimento-iec-cei-en-60947-1-fr","8":"pa_norme-di-riferimento-iec-cei-en-60950-fr","9":"pa_norme-di-riferimento-ul-746a-fr","11":"first","12":"instock","13":"shipping-taxable","14":"product-type-simple"},"acf":[],"_links":{"self":[{"href":"https:\/\/www.att-galb.it\/fr\/wp-json\/wp\/v2\/product\/2358","targetHints":{"allow":["GET"]}}],"collection":[{"href":"https:\/\/www.att-galb.it\/fr\/wp-json\/wp\/v2\/product"}],"about":[{"href":"https:\/\/www.att-galb.it\/fr\/wp-json\/wp\/v2\/types\/product"}],"wp:featuredmedia":[{"embeddable":true,"href":"https:\/\/www.att-galb.it\/fr\/wp-json\/wp\/v2\/media\/2359"}],"wp:attachment":[{"href":"https:\/\/www.att-galb.it\/fr\/wp-json\/wp\/v2\/media?parent=2358"}],"wp:term":[{"taxonomy":"product_brand","embeddable":true,"href":"https:\/\/www.att-galb.it\/fr\/wp-json\/wp\/v2\/product_brand?post=2358"},{"taxonomy":"product_cat","embeddable":true,"href":"https:\/\/www.att-galb.it\/fr\/wp-json\/wp\/v2\/product_cat?post=2358"},{"taxonomy":"product_tag","embeddable":true,"href":"https:\/\/www.att-galb.it\/fr\/wp-json\/wp\/v2\/product_tag?post=2358"}],"curies":[{"name":"wp","href":"https:\/\/api.w.org\/{rel}","templated":true}]}}