{"id":2367,"date":"2019-11-06T10:27:13","date_gmt":"2019-11-06T09:27:13","guid":{"rendered":"https:\/\/atts.agomir.com\/prodotti\/non class\u00e9\/equipement-pour-tester-ladherence-du-support-a-basse-temperature-sur-les-rubans-adhesifs\/"},"modified":"2019-11-06T10:27:13","modified_gmt":"2019-11-06T09:27:13","slug":"equipement-pour-tester-ladherence-du-support-a-basse-temperature-sur-les-rubans-adhesifs","status":"publish","type":"product","link":"https:\/\/www.att-galb.it\/fr\/prodotti\/essais-de-conformite-des-materiaux\/equipement-pour-tester-ladherence-du-support-a-basse-temperature-sur-les-rubans-adhesifs\/","title":{"rendered":"\u00c9QUIPEMENT POUR TESTER L&rsquo;ADH\u00c9RENCE DU SUPPORT \u00c0 BASSE TEMP\u00c9RATURE SUR LES RUBANS ADH\u00c9SIFS"},"content":{"rendered":"","protected":false},"excerpt":{"rendered":"","protected":false},"featured_media":0,"template":"","meta":{"_acf_changed":false},"product_brand":[],"product_cat":[2257],"product_tag":[],"class_list":{"0":"post-2367","1":"product","2":"type-product","3":"status-publish","5":"product_cat-essais-de-conformite-des-materiaux","6":"pa_norme-di-riferimento-iec-cei-en-60454-2-fr","7":"pa_norme-di-riferimento-iec-cei-en-60454-3-1-fr","9":"first","10":"instock","11":"shipping-taxable","12":"product-type-simple"},"acf":[],"_links":{"self":[{"href":"https:\/\/www.att-galb.it\/fr\/wp-json\/wp\/v2\/product\/2367","targetHints":{"allow":["GET"]}}],"collection":[{"href":"https:\/\/www.att-galb.it\/fr\/wp-json\/wp\/v2\/product"}],"about":[{"href":"https:\/\/www.att-galb.it\/fr\/wp-json\/wp\/v2\/types\/product"}],"wp:attachment":[{"href":"https:\/\/www.att-galb.it\/fr\/wp-json\/wp\/v2\/media?parent=2367"}],"wp:term":[{"taxonomy":"product_brand","embeddable":true,"href":"https:\/\/www.att-galb.it\/fr\/wp-json\/wp\/v2\/product_brand?post=2367"},{"taxonomy":"product_cat","embeddable":true,"href":"https:\/\/www.att-galb.it\/fr\/wp-json\/wp\/v2\/product_cat?post=2367"},{"taxonomy":"product_tag","embeddable":true,"href":"https:\/\/www.att-galb.it\/fr\/wp-json\/wp\/v2\/product_tag?post=2367"}],"curies":[{"name":"wp","href":"https:\/\/api.w.org\/{rel}","templated":true}]}}