{"id":2389,"date":"2019-11-06T09:44:52","date_gmt":"2019-11-06T08:44:52","guid":{"rendered":"https:\/\/atts.agomir.com\/prodotti\/non%20class\u00e9\/equipement-de-test-de-resistance-au-courant-de-surface-tracking-test\/"},"modified":"2025-11-03T10:31:40","modified_gmt":"2025-11-03T09:31:40","slug":"equipement-de-test-de-resistance-au-courant-de-surface-tracking-test","status":"publish","type":"product","link":"https:\/\/www.att-galb.it\/fr\/prodotti\/points-forts\/equipement-de-test-de-resistance-au-courant-de-surface-tracking-test\/","title":{"rendered":"\u00c9QUIPEMENT DE TEST DE R\u00c9SISTANCE AU COURANT DE SURFACE &#8211; \u00ab Tracking test \u00bb"},"content":{"rendered":"<p><strong>Appareil pour verifier la resistance aux courants superficiels &#8211; \u201cTracking Test\u201d<\/strong><\/p>\n<p>Le Tracking Test est essentiel pour d\u00e9terminer la r\u00e9sistance et la tra\u00e7abilit\u00e9 des mat\u00e9riels isolants solides expos\u00e9s \u00e0 des tensions \u00e9lectriques et \u00e0 des conditions contamin\u00e9es. Avec notre dispositif \u00e9quipements, vous pouvez tester des mat\u00e9riaux dans des conditions critiques, garantissant ainsi leur fiabilit\u00e9 et leur s\u00e9curit\u00e9. L\u2019appareil est cr\u00e9\u00e9 pour simuler l\u2019exposition \u00e0 des gouttelettes d\u2019eau contamin\u00e9e avec pr\u00e9cision et s\u00e9curit\u00e9. <\/p>\n<p>&nbsp;<\/p>\n<p><strong>Sp\u00e9cifications techniques<\/strong><\/p>\n<ul>\n<li><strong> \u00c9lectrodes de platine<\/strong> conformes \u00e0 la norme IEC 60112 Option pour la norme ASTM D-3638. <\/li>\n<li><strong>R\u00e9gulation de tension :<\/strong> r\u00e9glable de 100 \u00e0 600 V. Option jusqu&rsquo;\u00e0 1000 VAC<\/li>\n<li><strong> Force de pression de l&rsquo;\u00e9lectrode :<\/strong> 1 + 1 Newton<\/li>\n<li><strong> Volume des gouttelettes<\/strong> = 20 + 3 mm3<\/li>\n<li><strong> D\u00e9clenchement sur court-circuit<\/strong> = 0,5 A<\/li>\n<li><strong> Alimentation \u00e9lectrique :<\/strong> 220-230 VAC \u2013 50\/60 Hz &#8211; En option 120 VAC. <\/li>\n<\/ul>\n","protected":false},"excerpt":{"rendered":"<p>Appareil pour verifier la resistance aux courants superficiels &#8211; \u201cTracking Test\u201d Le Tracking Test est essentiel pour d\u00e9terminer la r\u00e9sistance<\/p>\n","protected":false},"featured_media":2390,"template":"","meta":{"_acf_changed":false},"product_brand":[],"product_cat":[2257,2255],"product_tag":[],"class_list":{"0":"post-2389","1":"product","2":"type-product","3":"status-publish","4":"has-post-thumbnail","6":"product_cat-essais-de-conformite-des-materiaux","7":"product_cat-points-forts","8":"pa_norme-di-riferimento-iec-cei-en-60112-fr","10":"first","11":"instock","12":"shipping-taxable","13":"product-type-simple"},"acf":[],"_links":{"self":[{"href":"https:\/\/www.att-galb.it\/fr\/wp-json\/wp\/v2\/product\/2389","targetHints":{"allow":["GET"]}}],"collection":[{"href":"https:\/\/www.att-galb.it\/fr\/wp-json\/wp\/v2\/product"}],"about":[{"href":"https:\/\/www.att-galb.it\/fr\/wp-json\/wp\/v2\/types\/product"}],"wp:featuredmedia":[{"embeddable":true,"href":"https:\/\/www.att-galb.it\/fr\/wp-json\/wp\/v2\/media\/2390"}],"wp:attachment":[{"href":"https:\/\/www.att-galb.it\/fr\/wp-json\/wp\/v2\/media?parent=2389"}],"wp:term":[{"taxonomy":"product_brand","embeddable":true,"href":"https:\/\/www.att-galb.it\/fr\/wp-json\/wp\/v2\/product_brand?post=2389"},{"taxonomy":"product_cat","embeddable":true,"href":"https:\/\/www.att-galb.it\/fr\/wp-json\/wp\/v2\/product_cat?post=2389"},{"taxonomy":"product_tag","embeddable":true,"href":"https:\/\/www.att-galb.it\/fr\/wp-json\/wp\/v2\/product_tag?post=2389"}],"curies":[{"name":"wp","href":"https:\/\/api.w.org\/{rel}","templated":true}]}}