{"id":2392,"date":"2019-11-06T09:45:44","date_gmt":"2019-11-06T08:45:44","guid":{"rendered":"https:\/\/atts.agomir.com\/prodotti\/non class\u00e9\/materiel-dessai-de-flexibilite-a-basse-temperature-pour-membranes-detancheite-bitumineuses\/"},"modified":"2019-11-06T09:45:44","modified_gmt":"2019-11-06T08:45:44","slug":"materiel-dessai-de-flexibilite-a-basse-temperature-pour-membranes-detancheite-bitumineuses","status":"publish","type":"product","link":"https:\/\/www.att-galb.it\/fr\/prodotti\/essais-de-conformite-des-materiaux\/materiel-dessai-de-flexibilite-a-basse-temperature-pour-membranes-detancheite-bitumineuses\/","title":{"rendered":"MAT\u00c9RIEL D&rsquo;ESSAI DE FLEXIBILIT\u00c9 \u00c0 BASSE TEMP\u00c9RATURE pour membranes d&rsquo;\u00e9tanch\u00e9it\u00e9 bitumineuses"},"content":{"rendered":"","protected":false},"excerpt":{"rendered":"","protected":false},"featured_media":0,"template":"","meta":{"_acf_changed":false},"product_brand":[],"product_cat":[2257],"product_tag":[],"class_list":{"0":"post-2392","1":"product","2":"type-product","3":"status-publish","5":"product_cat-essais-de-conformite-des-materiaux","6":"pa_norme-di-riferimento-moat-27-fr","7":"pa_norme-di-riferimento-nf-g-07-001-fr","9":"first","10":"instock","11":"shipping-taxable","12":"product-type-simple"},"acf":[],"_links":{"self":[{"href":"https:\/\/www.att-galb.it\/fr\/wp-json\/wp\/v2\/product\/2392","targetHints":{"allow":["GET"]}}],"collection":[{"href":"https:\/\/www.att-galb.it\/fr\/wp-json\/wp\/v2\/product"}],"about":[{"href":"https:\/\/www.att-galb.it\/fr\/wp-json\/wp\/v2\/types\/product"}],"wp:attachment":[{"href":"https:\/\/www.att-galb.it\/fr\/wp-json\/wp\/v2\/media?parent=2392"}],"wp:term":[{"taxonomy":"product_brand","embeddable":true,"href":"https:\/\/www.att-galb.it\/fr\/wp-json\/wp\/v2\/product_brand?post=2392"},{"taxonomy":"product_cat","embeddable":true,"href":"https:\/\/www.att-galb.it\/fr\/wp-json\/wp\/v2\/product_cat?post=2392"},{"taxonomy":"product_tag","embeddable":true,"href":"https:\/\/www.att-galb.it\/fr\/wp-json\/wp\/v2\/product_tag?post=2392"}],"curies":[{"name":"wp","href":"https:\/\/api.w.org\/{rel}","templated":true}]}}