{"id":2447,"date":"2019-11-05T16:52:28","date_gmt":"2019-11-05T15:52:28","guid":{"rendered":"https:\/\/atts.agomir.com\/prodotti\/non class\u00e9\/sonde-de-test-o-75-mm-avec-extremite-hemispherique\/"},"modified":"2019-11-05T16:52:28","modified_gmt":"2019-11-05T15:52:28","slug":"sonde-de-test-o-75-mm-avec-extremite-hemispherique","status":"publish","type":"product","link":"https:\/\/www.att-galb.it\/fr\/prodotti\/la-preuve-de-la-protection-contre-lacces-aux-parties-dangereuses\/sonde-de-test-o-75-mm-avec-extremite-hemispherique\/","title":{"rendered":"Sonde de test \u00d8 75 mm avec extr\u00e9mit\u00e9 h\u00e9misph\u00e9rique"},"content":{"rendered":"","protected":false},"excerpt":{"rendered":"","protected":false},"featured_media":2448,"template":"","meta":{"_acf_changed":false},"product_brand":[],"product_cat":[2258],"product_tag":[],"class_list":{"0":"post-2447","1":"product","2":"type-product","3":"status-publish","4":"has-post-thumbnail","6":"product_cat-la-preuve-de-la-protection-contre-lacces-aux-parties-dangereuses","7":"pa_norme-di-riferimento-iec-cei-en-60335-2-6-fr","9":"first","10":"instock","11":"shipping-taxable","12":"product-type-simple"},"acf":[],"_links":{"self":[{"href":"https:\/\/www.att-galb.it\/fr\/wp-json\/wp\/v2\/product\/2447","targetHints":{"allow":["GET"]}}],"collection":[{"href":"https:\/\/www.att-galb.it\/fr\/wp-json\/wp\/v2\/product"}],"about":[{"href":"https:\/\/www.att-galb.it\/fr\/wp-json\/wp\/v2\/types\/product"}],"wp:featuredmedia":[{"embeddable":true,"href":"https:\/\/www.att-galb.it\/fr\/wp-json\/wp\/v2\/media\/2448"}],"wp:attachment":[{"href":"https:\/\/www.att-galb.it\/fr\/wp-json\/wp\/v2\/media?parent=2447"}],"wp:term":[{"taxonomy":"product_brand","embeddable":true,"href":"https:\/\/www.att-galb.it\/fr\/wp-json\/wp\/v2\/product_brand?post=2447"},{"taxonomy":"product_cat","embeddable":true,"href":"https:\/\/www.att-galb.it\/fr\/wp-json\/wp\/v2\/product_cat?post=2447"},{"taxonomy":"product_tag","embeddable":true,"href":"https:\/\/www.att-galb.it\/fr\/wp-json\/wp\/v2\/product_tag?post=2447"}],"curies":[{"name":"wp","href":"https:\/\/api.w.org\/{rel}","templated":true}]}}