{"id":2460,"date":"2019-11-05T16:39:52","date_gmt":"2019-11-05T15:39:52","guid":{"rendered":"https:\/\/atts.agomir.com\/prodotti\/non class\u00e9\/couteau-de-test-avec-poignee-dynamometrique-avec-repere-de-5-livres\/"},"modified":"2019-11-05T16:39:52","modified_gmt":"2019-11-05T15:39:52","slug":"couteau-de-test-avec-poignee-dynamometrique-avec-repere-de-5-livres","status":"publish","type":"product","link":"https:\/\/www.att-galb.it\/fr\/prodotti\/la-preuve-de-la-protection-contre-lacces-aux-parties-dangereuses\/couteau-de-test-avec-poignee-dynamometrique-avec-repere-de-5-livres\/","title":{"rendered":"COUTEAU DE TEST avec poign\u00e9e dynamom\u00e9trique avec rep\u00e8re de 5 livres"},"content":{"rendered":"","protected":false},"excerpt":{"rendered":"","protected":false},"featured_media":2461,"template":"","meta":{"_acf_changed":false},"product_brand":[],"product_cat":[2258],"product_tag":[],"class_list":{"0":"post-2460","1":"product","2":"type-product","3":"status-publish","4":"has-post-thumbnail","6":"product_cat-la-preuve-de-la-protection-contre-lacces-aux-parties-dangereuses","7":"pa_norme-di-riferimento-ul-244-a-fr","8":"pa_norme-di-riferimento-ul-749-fr","10":"first","11":"instock","12":"shipping-taxable","13":"product-type-simple"},"acf":[],"_links":{"self":[{"href":"https:\/\/www.att-galb.it\/fr\/wp-json\/wp\/v2\/product\/2460","targetHints":{"allow":["GET"]}}],"collection":[{"href":"https:\/\/www.att-galb.it\/fr\/wp-json\/wp\/v2\/product"}],"about":[{"href":"https:\/\/www.att-galb.it\/fr\/wp-json\/wp\/v2\/types\/product"}],"wp:featuredmedia":[{"embeddable":true,"href":"https:\/\/www.att-galb.it\/fr\/wp-json\/wp\/v2\/media\/2461"}],"wp:attachment":[{"href":"https:\/\/www.att-galb.it\/fr\/wp-json\/wp\/v2\/media?parent=2460"}],"wp:term":[{"taxonomy":"product_brand","embeddable":true,"href":"https:\/\/www.att-galb.it\/fr\/wp-json\/wp\/v2\/product_brand?post=2460"},{"taxonomy":"product_cat","embeddable":true,"href":"https:\/\/www.att-galb.it\/fr\/wp-json\/wp\/v2\/product_cat?post=2460"},{"taxonomy":"product_tag","embeddable":true,"href":"https:\/\/www.att-galb.it\/fr\/wp-json\/wp\/v2\/product_tag?post=2460"}],"curies":[{"name":"wp","href":"https:\/\/api.w.org\/{rel}","templated":true}]}}