{"id":2473,"date":"2019-11-05T16:36:19","date_gmt":"2019-11-05T15:36:19","guid":{"rendered":"https:\/\/atts.agomir.com\/prodotti\/non class\u00e9\/test-probe-o-12-7-mm-long-80-mm-avec-poignee-dynamometrique-avec-reperes-a-50-60-70-80-90-100-n\/"},"modified":"2019-11-05T16:36:19","modified_gmt":"2019-11-05T15:36:19","slug":"test-probe-o-12-7-mm-long-80-mm-avec-poignee-dynamometrique-avec-reperes-a-50-60-70-80-90-100-n","status":"publish","type":"product","link":"https:\/\/www.att-galb.it\/fr\/prodotti\/la-preuve-de-la-protection-contre-lacces-aux-parties-dangereuses\/test-probe-o-12-7-mm-long-80-mm-avec-poignee-dynamometrique-avec-reperes-a-50-60-70-80-90-100-n\/","title":{"rendered":"TEST PROBE \u00d8 12.7 mm, long, 80 mm avec poign\u00e9e dynamom\u00e9trique avec rep\u00e8res \u00e0 50-60-70-80-90-100 N"},"content":{"rendered":"","protected":false},"excerpt":{"rendered":"","protected":false},"featured_media":2474,"template":"","meta":{"_acf_changed":false},"product_brand":[],"product_cat":[2258],"product_tag":[],"class_list":{"0":"post-2473","1":"product","2":"type-product","3":"status-publish","4":"has-post-thumbnail","6":"product_cat-la-preuve-de-la-protection-contre-lacces-aux-parties-dangereuses","7":"pa_norme-di-riferimento-ul-197-fr","9":"first","10":"instock","11":"shipping-taxable","12":"product-type-simple"},"acf":[],"_links":{"self":[{"href":"https:\/\/www.att-galb.it\/fr\/wp-json\/wp\/v2\/product\/2473","targetHints":{"allow":["GET"]}}],"collection":[{"href":"https:\/\/www.att-galb.it\/fr\/wp-json\/wp\/v2\/product"}],"about":[{"href":"https:\/\/www.att-galb.it\/fr\/wp-json\/wp\/v2\/types\/product"}],"wp:featuredmedia":[{"embeddable":true,"href":"https:\/\/www.att-galb.it\/fr\/wp-json\/wp\/v2\/media\/2474"}],"wp:attachment":[{"href":"https:\/\/www.att-galb.it\/fr\/wp-json\/wp\/v2\/media?parent=2473"}],"wp:term":[{"taxonomy":"product_brand","embeddable":true,"href":"https:\/\/www.att-galb.it\/fr\/wp-json\/wp\/v2\/product_brand?post=2473"},{"taxonomy":"product_cat","embeddable":true,"href":"https:\/\/www.att-galb.it\/fr\/wp-json\/wp\/v2\/product_cat?post=2473"},{"taxonomy":"product_tag","embeddable":true,"href":"https:\/\/www.att-galb.it\/fr\/wp-json\/wp\/v2\/product_tag?post=2473"}],"curies":[{"name":"wp","href":"https:\/\/api.w.org\/{rel}","templated":true}]}}