{"id":2494,"date":"2019-11-05T16:27:09","date_gmt":"2019-11-05T15:27:09","guid":{"rendered":"https:\/\/atts.agomir.com\/prodotti\/non class\u00e9\/tige-dessai-o-25-mm-longueur-100-mm-avec-bille-darret-o-35-mm-et-cable-de-contact\/"},"modified":"2019-11-05T16:27:09","modified_gmt":"2019-11-05T15:27:09","slug":"tige-dessai-o-25-mm-longueur-100-mm-avec-bille-darret-o-35-mm-et-cable-de-contact","status":"publish","type":"product","link":"https:\/\/www.att-galb.it\/fr\/prodotti\/la-preuve-de-la-protection-contre-lacces-aux-parties-dangereuses\/tige-dessai-o-25-mm-longueur-100-mm-avec-bille-darret-o-35-mm-et-cable-de-contact\/","title":{"rendered":"TIGE D&rsquo;ESSAI \u00d8 2,5 mm, longueur 100 mm, avec bille d&rsquo;arr\u00eat \u00d8 35 mm et c\u00e2ble de contact"},"content":{"rendered":"","protected":false},"excerpt":{"rendered":"","protected":false},"featured_media":2495,"template":"","meta":{"_acf_changed":false},"product_brand":[],"product_cat":[2258],"product_tag":[],"class_list":{"0":"post-2494","1":"product","2":"type-product","3":"status-publish","4":"has-post-thumbnail","6":"product_cat-la-preuve-de-la-protection-contre-lacces-aux-parties-dangereuses","7":"pa_norme-di-riferimento-iec-cei-en-60529-fr","8":"pa_norme-di-riferimento-iec-cei-en-61032-fr","10":"first","11":"instock","12":"shipping-taxable","13":"product-type-simple"},"acf":[],"_links":{"self":[{"href":"https:\/\/www.att-galb.it\/fr\/wp-json\/wp\/v2\/product\/2494","targetHints":{"allow":["GET"]}}],"collection":[{"href":"https:\/\/www.att-galb.it\/fr\/wp-json\/wp\/v2\/product"}],"about":[{"href":"https:\/\/www.att-galb.it\/fr\/wp-json\/wp\/v2\/types\/product"}],"wp:featuredmedia":[{"embeddable":true,"href":"https:\/\/www.att-galb.it\/fr\/wp-json\/wp\/v2\/media\/2495"}],"wp:attachment":[{"href":"https:\/\/www.att-galb.it\/fr\/wp-json\/wp\/v2\/media?parent=2494"}],"wp:term":[{"taxonomy":"product_brand","embeddable":true,"href":"https:\/\/www.att-galb.it\/fr\/wp-json\/wp\/v2\/product_brand?post=2494"},{"taxonomy":"product_cat","embeddable":true,"href":"https:\/\/www.att-galb.it\/fr\/wp-json\/wp\/v2\/product_cat?post=2494"},{"taxonomy":"product_tag","embeddable":true,"href":"https:\/\/www.att-galb.it\/fr\/wp-json\/wp\/v2\/product_tag?post=2494"}],"curies":[{"name":"wp","href":"https:\/\/api.w.org\/{rel}","templated":true}]}}