{"id":2497,"date":"2019-11-05T16:14:04","date_gmt":"2019-11-05T15:14:04","guid":{"rendered":"https:\/\/atts.agomir.com\/prodotti\/non class\u00e9\/poignee-de-controle-rigide-avec-plaque-isolante-et-poignee-de-serrage-avec-reperes-a-10-20-30-40-50-n\/"},"modified":"2019-11-05T16:14:04","modified_gmt":"2019-11-05T15:14:04","slug":"poignee-de-controle-rigide-avec-plaque-isolante-et-poignee-de-serrage-avec-reperes-a-10-20-30-40-50-n","status":"publish","type":"product","link":"https:\/\/www.att-galb.it\/fr\/prodotti\/la-preuve-de-la-protection-contre-lacces-aux-parties-dangereuses\/poignee-de-controle-rigide-avec-plaque-isolante-et-poignee-de-serrage-avec-reperes-a-10-20-30-40-50-n\/","title":{"rendered":"POIGN\u00c9E DE CONTR\u00d4LE RIGIDE avec plaque isolante et poign\u00e9e de serrage avec rep\u00e8res \u00e0 10-20-30-40-50 N"},"content":{"rendered":"","protected":false},"excerpt":{"rendered":"","protected":false},"featured_media":2498,"template":"","meta":{"_acf_changed":false},"product_brand":[],"product_cat":[2258],"product_tag":[],"class_list":{"0":"post-2497","1":"product","2":"type-product","3":"status-publish","4":"has-post-thumbnail","6":"product_cat-la-preuve-de-la-protection-contre-lacces-aux-parties-dangereuses","7":"pa_norme-di-riferimento-iec-cei-en-60335-1-fr","8":"pa_norme-di-riferimento-iec-cei-en-60950-fr","10":"first","11":"instock","12":"shipping-taxable","13":"product-type-simple"},"acf":[],"_links":{"self":[{"href":"https:\/\/www.att-galb.it\/fr\/wp-json\/wp\/v2\/product\/2497","targetHints":{"allow":["GET"]}}],"collection":[{"href":"https:\/\/www.att-galb.it\/fr\/wp-json\/wp\/v2\/product"}],"about":[{"href":"https:\/\/www.att-galb.it\/fr\/wp-json\/wp\/v2\/types\/product"}],"wp:featuredmedia":[{"embeddable":true,"href":"https:\/\/www.att-galb.it\/fr\/wp-json\/wp\/v2\/media\/2498"}],"wp:attachment":[{"href":"https:\/\/www.att-galb.it\/fr\/wp-json\/wp\/v2\/media?parent=2497"}],"wp:term":[{"taxonomy":"product_brand","embeddable":true,"href":"https:\/\/www.att-galb.it\/fr\/wp-json\/wp\/v2\/product_brand?post=2497"},{"taxonomy":"product_cat","embeddable":true,"href":"https:\/\/www.att-galb.it\/fr\/wp-json\/wp\/v2\/product_cat?post=2497"},{"taxonomy":"product_tag","embeddable":true,"href":"https:\/\/www.att-galb.it\/fr\/wp-json\/wp\/v2\/product_tag?post=2497"}],"curies":[{"name":"wp","href":"https:\/\/api.w.org\/{rel}","templated":true}]}}